{"id":13424,"date":"2025-10-15T19:43:50","date_gmt":"2025-10-15T11:43:50","guid":{"rendered":"https:\/\/ihymon.com\/?page_id=13424"},"modified":"2025-10-15T19:44:40","modified_gmt":"2025-10-15T11:44:40","slug":"construction-machinery","status":"publish","type":"page","link":"https:\/\/ihymon.com\/pt\/construction-machinery\/","title":{"rendered":"M\u00e1quinas de constru\u00e7\u00e3o"},"content":{"rendered":"<div data-elementor-type=\"wp-page\" data-elementor-id=\"13424\" class=\"elementor elementor-13424\" data-elementor-post-type=\"page\">\n\t\t\t\t<div class=\"elementor-element elementor-element-0db20fc e-flex e-con-boxed e-con e-parent\" data-id=\"0db20fc\" data-element_type=\"container\" data-e-type=\"container\">\n\t\t\t\t\t<div class=\"e-con-inner\">\n\t\t<div class=\"elementor-element elementor-element-86c42e4 e-con-full e-flex e-con e-child\" data-id=\"86c42e4\" data-element_type=\"container\" data-e-type=\"container\">\n\t\t\t\t<div class=\"elementor-element elementor-element-e703915 elementor-widget elementor-widget-heading\" data-id=\"e703915\" data-element_type=\"widget\" data-e-type=\"widget\" data-widget_type=\"heading.default\">\n\t\t\t\t<div class=\"elementor-widget-container\">\n\t\t\t\t\t<h2 class=\"elementor-heading-title elementor-size-default\">M\u00e1quinas de constru\u00e7\u00e3o<\/h2>\t\t\t\t<\/div>\n\t\t\t\t<\/div>\n\t\t\t\t<\/div>\n\t\t\t\t\t<\/div>\n\t\t\t\t<\/div>\n\t\t\t\t<section class=\"elementor-section elementor-top-section elementor-element elementor-element-5fe485d elementor-section-height-min-height elementor-section-items-stretch elementor-section-content-middle elementor-section-boxed elementor-section-height-default\" data-id=\"5fe485d\" data-element_type=\"section\" data-e-type=\"section\">\n\t\t\t\t\t\t\t<div class=\"elementor-background-overlay\"><\/div>\n\t\t\t\t\t\t\t<div class=\"elementor-container elementor-column-gap-wider\">\n\t\t\t\t\t<div class=\"elementor-column elementor-col-100 elementor-top-column elementor-element elementor-element-5e99b52\" data-id=\"5e99b52\" data-element_type=\"column\" data-e-type=\"column\" data-settings=\"{&quot;background_background&quot;:&quot;classic&quot;}\">\n\t\t\t<div class=\"elementor-widget-wrap elementor-element-populated\">\n\t\t\t\t\t\t<div class=\"elementor-element elementor-element-958cef2 img-align-mobile-top image-vertical-align-center image-vertical-align-tablet-start img-align-top icon-box-vertical-align-top preserve-img-ratio-cover slide-h-position-left elementor-widget elementor-widget-the7-elements-simple-posts\" data-id=\"958cef2\" data-element_type=\"widget\" data-e-type=\"widget\" data-widget_type=\"the7-elements-simple-posts.default\">\n\t\t\t\t<div class=\"elementor-widget-container\">\n\t\t\t\t\t<div class=\"the7-simple-widget-posts the7-elementor-widget the7-elements-simple-posts-958cef2\" data-post-limit=\"-1\" data-pagination-mode=\"standard\" data-scroll-offset=\"\">\t\t\t<div class=\"dt-css-grid custom-pagination-handler\" data-columns=\"{&quot;d&quot;:2,&quot;t&quot;:2,&quot;p&quot;:1,&quot;wd&quot;:&quot;&quot;}\">\n\t\t\t\t\t\t\t\t\t<div class=\"wf-cell visible\">\n\t\t\t\t\t\t<article class=\"post visible wrapper post-13417 type-post status-publish format-standard has-post-thumbnail hentry category-construction-machinery\">\n\n\t\t\t\t\t\t\t<div class=\"post-content-wrapper\">\n\t\t\t\t\t\t\t\t\t\t\t\t\t\t\t\t\t<div class=\"the7-simple-post-thumb\">\n\t\t\t\t\t\t\t\t\t\t<a class=\"post-thumbnail-rollover layzr-bg img-css-resize-wrapper\" aria-label=\"Post image\" href=\"https:\/\/ihymon.com\/pt\/ms-series-piston-hydraulic-motors-for-construction-machinery-hymon-hydraulics\/\"><img fetchpriority=\"high\" decoding=\"async\" width=\"600\" height=\"600\" src=\"data:image\/svg+xml,%3Csvg%20xmlns%3D&#039;http%3A%2F%2Fwww.w3.org%2F2000%2Fsvg&#039;%20viewBox%3D&#039;0%200%20600%20600&#039;%2F%3E\" class=\"attachment-full size-full preload-me aspect lazy lazy-load\" alt=\"MS MSE Series Piston Radial Motor Replace Poclain\" sizes=\"(max-width: 600px) 100vw, 600px\" style=\"--ratio: 600 \/ 600;\" data-src=\"https:\/\/ihymon.com\/wp-content\/uploads\/2025\/10\/MS-MSE-Series-Piston-Radial-Motor-Replace-Poclain.jpg\" loading=\"eager\" data-srcset=\"https:\/\/ihymon.com\/wp-content\/uploads\/2025\/10\/MS-MSE-Series-Piston-Radial-Motor-Replace-Poclain.jpg 600w, https:\/\/ihymon.com\/wp-content\/uploads\/2025\/10\/MS-MSE-Series-Piston-Radial-Motor-Replace-Poclain-300x300.jpg 300w, https:\/\/ihymon.com\/wp-content\/uploads\/2025\/10\/MS-MSE-Series-Piston-Radial-Motor-Replace-Poclain-150x150.jpg 150w\" \/><span class=\"the7-hover-icon\"><\/span><\/a>\t\t\t\t\t\t\t\t\t<\/div>\n\t\t\t\t\t\t\t\t\t\t\t\t\t\t\t\t<div class=\"post-entry-content\">\n\t\t\t\t\t\t\t\t\t<h5 class=\"heading\"><a href=\"https:\/\/ihymon.com\/pt\/ms-series-piston-hydraulic-motors-for-construction-machinery-hymon-hydraulics\/\" rel=\"bookmark\" title=\"Motores hidr\u00e1ulicos de pist\u00e3o da s\u00e9rie MS para m\u00e1quinas de constru\u00e7\u00e3o | Hymon Hydraulics\" class=\"post-title\">Motores hidr\u00e1ulicos de pist\u00e3o da s\u00e9rie MS para m\u00e1quinas de constru\u00e7\u00e3o | Hymon Hydraulics<\/a><\/h5>\t\t\t\t\t\t\t\t<\/div>\n\t\t\t\t\t\t\t<\/div>\n\t\t\t\t\t\t<\/article>\n\t\t\t\t\t<\/div>\t\t\t\t\t\t\t\t<\/div>\n\t\t<\/div>\t\t\t\t<\/div>\n\t\t\t\t<\/div>\n\t\t\t\t\t<\/div>\n\t\t<\/div>\n\t\t\t\t\t<\/div>\n\t\t<\/section>\n\t\t\t\t<\/div>","protected":false},"excerpt":{"rendered":"","protected":false},"author":1,"featured_media":0,"parent":0,"menu_order":18,"comment_status":"closed","ping_status":"closed","template":"elementor_header_footer","meta":{"footnotes":""},"class_list":["post-13424","page","type-page","status-publish","hentry"],"yoast_head":"<!-- This site is optimized with the Yoast SEO plugin v27.2 - https:\/\/yoast.com\/product\/yoast-seo-wordpress\/ -->\n<title>Hydraulic Components in Construction Machinery | HyMon Hydraulics<\/title>\n<meta name=\"description\" content=\"HyMon supplies premium hydraulic pumps, motors, axial piston pumps, radial piston motors. Your trusted supplier partner. Contact us!\" \/>\n<meta name=\"robots\" content=\"index, follow, max-snippet:-1, max-image-preview:large, max-video-preview:-1\" \/>\n<link rel=\"canonical\" href=\"https:\/\/ihymon.com\/pt\/construction-machinery\/\" \/>\n<meta property=\"og:locale\" content=\"pt_BR\" \/>\n<meta property=\"og:type\" content=\"article\" \/>\n<meta property=\"og:title\" content=\"Hydraulic Components in Construction Machinery | HyMon Hydraulics\" \/>\n<meta property=\"og:description\" content=\"HyMon supplies premium hydraulic pumps, motors, axial piston pumps, radial piston motors. Your trusted supplier partner. Contact us!\" \/>\n<meta property=\"og:url\" content=\"https:\/\/ihymon.com\/pt\/construction-machinery\/\" \/>\n<meta property=\"og:site_name\" content=\"HyMon Hydraulics\" \/>\n<meta property=\"article:modified_time\" content=\"2025-10-15T11:44:40+00:00\" \/>\n<meta name=\"twitter:card\" content=\"summary_large_image\" \/>\n<meta name=\"twitter:label1\" content=\"Est. tempo de leitura\" \/>\n\t<meta name=\"twitter:data1\" content=\"2 minutos\" \/>\n<script type=\"application\/ld+json\" class=\"yoast-schema-graph\">{\"@context\":\"https:\/\/schema.org\",\"@graph\":[{\"@type\":\"WebPage\",\"@id\":\"https:\/\/ihymon.com\/construction-machinery\/\",\"url\":\"https:\/\/ihymon.com\/construction-machinery\/\",\"name\":\"Hydraulic Components in Construction Machinery | HyMon Hydraulics\",\"isPartOf\":{\"@id\":\"https:\/\/ihymon.com\/#website\"},\"datePublished\":\"2025-10-15T11:43:50+00:00\",\"dateModified\":\"2025-10-15T11:44:40+00:00\",\"description\":\"HyMon supplies premium hydraulic pumps, motors, axial piston pumps, radial piston motors. Your trusted supplier partner. Contact us!\",\"breadcrumb\":{\"@id\":\"https:\/\/ihymon.com\/construction-machinery\/#breadcrumb\"},\"inLanguage\":\"pt-BR\",\"potentialAction\":[{\"@type\":\"ReadAction\",\"target\":[\"https:\/\/ihymon.com\/construction-machinery\/\"]}]},{\"@type\":\"BreadcrumbList\",\"@id\":\"https:\/\/ihymon.com\/construction-machinery\/#breadcrumb\",\"itemListElement\":[{\"@type\":\"ListItem\",\"position\":1,\"name\":\"Home\",\"item\":\"https:\/\/ihymon.com\/\"},{\"@type\":\"ListItem\",\"position\":2,\"name\":\"Construction Machinery\"}]},{\"@type\":\"WebSite\",\"@id\":\"https:\/\/ihymon.com\/#website\",\"url\":\"https:\/\/ihymon.com\/\",\"name\":\"HyMon Hydraulics\",\"description\":\"\",\"publisher\":{\"@id\":\"https:\/\/ihymon.com\/#organization\"},\"potentialAction\":[{\"@type\":\"SearchAction\",\"target\":{\"@type\":\"EntryPoint\",\"urlTemplate\":\"https:\/\/ihymon.com\/?s={search_term_string}\"},\"query-input\":{\"@type\":\"PropertyValueSpecification\",\"valueRequired\":true,\"valueName\":\"search_term_string\"}}],\"inLanguage\":\"pt-BR\"},{\"@type\":\"Organization\",\"@id\":\"https:\/\/ihymon.com\/#organization\",\"name\":\"HyMon Hydraulics\",\"url\":\"https:\/\/ihymon.com\/\",\"logo\":{\"@type\":\"ImageObject\",\"inLanguage\":\"pt-BR\",\"@id\":\"https:\/\/ihymon.com\/#\/schema\/logo\/image\/\",\"url\":\"https:\/\/ihymon.com\/wp-content\/uploads\/2024\/10\/2.png\",\"contentUrl\":\"https:\/\/ihymon.com\/wp-content\/uploads\/2024\/10\/2.png\",\"width\":400,\"height\":80,\"caption\":\"HyMon Hydraulics\"},\"image\":{\"@id\":\"https:\/\/ihymon.com\/#\/schema\/logo\/image\/\"}}]}<\/script>\n<!-- \/ Yoast SEO plugin. -->","yoast_head_json":{"title":"Hydraulic Components in Construction Machinery | HyMon Hydraulics","description":"HyMon supplies premium hydraulic pumps, motors, axial piston pumps, radial piston motors. Your trusted supplier partner. Contact us!","robots":{"index":"index","follow":"follow","max-snippet":"max-snippet:-1","max-image-preview":"max-image-preview:large","max-video-preview":"max-video-preview:-1"},"canonical":"https:\/\/ihymon.com\/pt\/construction-machinery\/","og_locale":"pt_BR","og_type":"article","og_title":"Hydraulic Components in Construction Machinery | HyMon Hydraulics","og_description":"HyMon supplies premium hydraulic pumps, motors, axial piston pumps, radial piston motors. Your trusted supplier partner. Contact us!","og_url":"https:\/\/ihymon.com\/pt\/construction-machinery\/","og_site_name":"HyMon Hydraulics","article_modified_time":"2025-10-15T11:44:40+00:00","twitter_card":"summary_large_image","twitter_misc":{"Est. tempo de leitura":"2 minutos"},"schema":{"@context":"https:\/\/schema.org","@graph":[{"@type":"WebPage","@id":"https:\/\/ihymon.com\/construction-machinery\/","url":"https:\/\/ihymon.com\/construction-machinery\/","name":"Hydraulic Components in Construction Machinery | HyMon Hydraulics","isPartOf":{"@id":"https:\/\/ihymon.com\/#website"},"datePublished":"2025-10-15T11:43:50+00:00","dateModified":"2025-10-15T11:44:40+00:00","description":"HyMon supplies premium hydraulic pumps, motors, axial piston pumps, radial piston motors. Your trusted supplier partner. Contact us!","breadcrumb":{"@id":"https:\/\/ihymon.com\/construction-machinery\/#breadcrumb"},"inLanguage":"pt-BR","potentialAction":[{"@type":"ReadAction","target":["https:\/\/ihymon.com\/construction-machinery\/"]}]},{"@type":"BreadcrumbList","@id":"https:\/\/ihymon.com\/construction-machinery\/#breadcrumb","itemListElement":[{"@type":"ListItem","position":1,"name":"Home","item":"https:\/\/ihymon.com\/"},{"@type":"ListItem","position":2,"name":"Construction Machinery"}]},{"@type":"WebSite","@id":"https:\/\/ihymon.com\/#website","url":"https:\/\/ihymon.com\/","name":"HyMon Hydraulics","description":"","publisher":{"@id":"https:\/\/ihymon.com\/#organization"},"potentialAction":[{"@type":"SearchAction","target":{"@type":"EntryPoint","urlTemplate":"https:\/\/ihymon.com\/?s={search_term_string}"},"query-input":{"@type":"PropertyValueSpecification","valueRequired":true,"valueName":"search_term_string"}}],"inLanguage":"pt-BR"},{"@type":"Organization","@id":"https:\/\/ihymon.com\/#organization","name":"HyMon Hydraulics","url":"https:\/\/ihymon.com\/","logo":{"@type":"ImageObject","inLanguage":"pt-BR","@id":"https:\/\/ihymon.com\/#\/schema\/logo\/image\/","url":"https:\/\/ihymon.com\/wp-content\/uploads\/2024\/10\/2.png","contentUrl":"https:\/\/ihymon.com\/wp-content\/uploads\/2024\/10\/2.png","width":400,"height":80,"caption":"HyMon Hydraulics"},"image":{"@id":"https:\/\/ihymon.com\/#\/schema\/logo\/image\/"}}]}},"_links":{"self":[{"href":"https:\/\/ihymon.com\/pt\/wp-json\/wp\/v2\/pages\/13424","targetHints":{"allow":["GET"]}}],"collection":[{"href":"https:\/\/ihymon.com\/pt\/wp-json\/wp\/v2\/pages"}],"about":[{"href":"https:\/\/ihymon.com\/pt\/wp-json\/wp\/v2\/types\/page"}],"author":[{"embeddable":true,"href":"https:\/\/ihymon.com\/pt\/wp-json\/wp\/v2\/users\/1"}],"replies":[{"embeddable":true,"href":"https:\/\/ihymon.com\/pt\/wp-json\/wp\/v2\/comments?post=13424"}],"version-history":[{"count":4,"href":"https:\/\/ihymon.com\/pt\/wp-json\/wp\/v2\/pages\/13424\/revisions"}],"predecessor-version":[{"id":13430,"href":"https:\/\/ihymon.com\/pt\/wp-json\/wp\/v2\/pages\/13424\/revisions\/13430"}],"wp:attachment":[{"href":"https:\/\/ihymon.com\/pt\/wp-json\/wp\/v2\/media?parent=13424"}],"curies":[{"name":"wp","href":"https:\/\/api.w.org\/{rel}","templated":true}]}}