{"id":12390,"date":"2025-10-07T10:32:44","date_gmt":"2025-10-07T02:32:44","guid":{"rendered":"https:\/\/ihymon.com\/?page_id=12390"},"modified":"2025-10-15T17:51:32","modified_gmt":"2025-10-15T09:51:32","slug":"company","status":"publish","type":"page","link":"https:\/\/ihymon.com\/pt\/company\/","title":{"rendered":"Empresa"},"content":{"rendered":"<div data-elementor-type=\"wp-page\" data-elementor-id=\"12390\" class=\"elementor elementor-12390\" data-elementor-post-type=\"page\">\n\t\t\t\t<div class=\"elementor-element elementor-element-d4614ad e-flex e-con-boxed e-con e-parent\" data-id=\"d4614ad\" data-element_type=\"container\" data-e-type=\"container\" data-settings=\"{&quot;background_background&quot;:&quot;gradient&quot;}\">\n\t\t\t\t\t<div class=\"e-con-inner\">\n\t\t\t\t<div class=\"elementor-element elementor-element-a490aec elementor-widget elementor-widget-heading\" data-id=\"a490aec\" data-element_type=\"widget\" data-e-type=\"widget\" data-widget_type=\"heading.default\">\n\t\t\t\t<div class=\"elementor-widget-container\">\n\t\t\t\t\t<h2 class=\"elementor-heading-title elementor-size-default\">HyMon Hidr\u00e1ulica<\/h2>\t\t\t\t<\/div>\n\t\t\t\t<\/div>\n\t\t\t\t\t<\/div>\n\t\t\t\t<\/div>\n\t\t<div class=\"elementor-element elementor-element-52f56ef e-con-full e-flex e-con e-parent\" data-id=\"52f56ef\" data-element_type=\"container\" data-e-type=\"container\">\n\t\t\t\t<div class=\"elementor-element elementor-element-f3910a5 elementor-widget elementor-widget-image\" data-id=\"f3910a5\" data-element_type=\"widget\" data-e-type=\"widget\" data-widget_type=\"image.default\">\n\t\t\t\t<div class=\"elementor-widget-container\">\n\t\t\t\t\t\t\t\t\t\t\t\t\t\t\t<img fetchpriority=\"high\" decoding=\"async\" width=\"768\" height=\"431\" src=\"https:\/\/ihymon.com\/wp-content\/uploads\/2025\/10\/factory2-768x431.jpg\" class=\"attachment-medium_large size-medium_large wp-image-13217\" alt=\"factory2\" srcset=\"https:\/\/ihymon.com\/wp-content\/uploads\/2025\/10\/factory2-768x431.jpg 768w, https:\/\/ihymon.com\/wp-content\/uploads\/2025\/10\/factory2-300x168.jpg 300w, https:\/\/ihymon.com\/wp-content\/uploads\/2025\/10\/factory2-18x10.jpg 18w, https:\/\/ihymon.com\/wp-content\/uploads\/2025\/10\/factory2.jpg 800w\" sizes=\"(max-width: 768px) 100vw, 768px\" \/>\t\t\t\t\t\t\t\t\t\t\t\t\t\t\t<\/div>\n\t\t\t\t<\/div>\n\t\t\t\t<\/div>\n\t\t<div class=\"elementor-element elementor-element-8739e7f e-flex e-con-boxed e-con e-parent\" data-id=\"8739e7f\" data-element_type=\"container\" data-e-type=\"container\">\n\t\t\t\t\t<div class=\"e-con-inner\">\n\t\t\t\t<div class=\"elementor-element elementor-element-beb4be5 elementor-widget elementor-widget-text-editor\" data-id=\"beb4be5\" data-element_type=\"widget\" data-e-type=\"widget\" data-widget_type=\"text-editor.default\">\n\t\t\t\t<div class=\"elementor-widget-container\">\n\t\t\t\t\t\t\t\t\t<p>A HyMon Hydraulics \u00e9 uma empresa certificada pela ISO9001:2015, especializada na produ\u00e7\u00e3o de sistemas de v\u00e1lvulas para motores de bombas hidr\u00e1ulicas, localizada em Ningbo, China. Nossa empresa abrange uma \u00e1rea de mais de 60.000 metros quadrados. Contamos com 131 engenheiros e mec\u00e2nicos experientes para dar suporte aos seus projetos. Cerca de 90% de produtos s\u00e3o vendidos para Europa, Sudeste Asi\u00e1tico, Am\u00e9rica do Norte, Am\u00e9rica do Sul e Oriente M\u00e9dio.<\/p><p><em>Saiba mais atrav\u00e9s de<\/em>\u00a0<strong><a href=\"https:\/\/ihymon.com\/pt\/videos\/\">V\u00eddeos<\/a><\/strong><\/p><p>Temos 412 conjuntos de v\u00e1rios equipamentos de processamento e teste importados da Alemanha e Su\u00ed\u00e7a, incluindo retifica\u00e7\u00e3o cicloidal, alargamento de furos internos, centro de usinagem CNC, fresadoras CNC, tornos CNC, retificadoras de ranhuras, retificadoras circulares, etc.<\/p><p>A HyMon Hydraulics \u00e9 especializada na fabrica\u00e7\u00e3o de bombas hidr\u00e1ulicas (bombas de carga, bombas de palhetas, bombas de engrenagens e bombas de pist\u00e3o), motores hidr\u00e1ulicos (motores de pist\u00e3o, motores orbitais) e v\u00e1lvulas hidr\u00e1ulicas, al\u00e9m de pe\u00e7as de reposi\u00e7\u00e3o para Vickers, Yuken, Denison, Atos e Tokimec. Nossos produtos s\u00e3o amplamente utilizados em m\u00e1quinas de inje\u00e7\u00e3o de pl\u00e1stico, m\u00e1quinas de prensagem e fundi\u00e7\u00e3o sob press\u00e3o, equipamentos de engenharia e prensas hidr\u00e1ulicas, guindastes, forjarias, m\u00e1quinas de embalagem, m\u00e1quinas agr\u00edcolas e equipamentos mar\u00edtimos.<\/p><p>Sempre nos esfor\u00e7amos para atingir a qualidade perfeita dos nossos produtos e conseguimos oferecer uma solu\u00e7\u00e3o completa em bombas e motores hidr\u00e1ulicos a todos os clientes. Muitas pe\u00e7as essenciais da bomba e do motor HyMon s\u00e3o importadas do exterior. Adotamos o tratamento t\u00e9rmico mais avan\u00e7ado do mundo para nossos produtos.<\/p>\t\t\t\t\t\t\t\t<\/div>\n\t\t\t\t<\/div>\n\t\t\t\t\t<\/div>\n\t\t\t\t<\/div>\n\t\t<div class=\"elementor-element elementor-element-7bd34e8 e-flex e-con-boxed e-con e-parent\" data-id=\"7bd34e8\" data-element_type=\"container\" data-e-type=\"container\">\n\t\t\t\t\t<div class=\"e-con-inner\">\n\t\t\t\t<div class=\"elementor-element elementor-element-040f926 elementor-button-align-stretch elementor-widget elementor-widget-global elementor-global-12374 elementor-widget-form\" data-id=\"040f926\" data-element_type=\"widget\" data-e-type=\"widget\" data-settings=\"{&quot;step_next_label&quot;:&quot;Next&quot;,&quot;step_previous_label&quot;:&quot;Previous&quot;,&quot;button_width&quot;:&quot;100&quot;,&quot;step_type&quot;:&quot;number_text&quot;,&quot;step_icon_shape&quot;:&quot;circle&quot;}\" data-widget_type=\"form.default\">\n\t\t\t\t<div class=\"elementor-widget-container\">\n\t\t\t\t\t\t\t<form class=\"elementor-form\" method=\"post\" name=\"New Form\" aria-label=\"Novo formul\u00e1rio\" action=\"\">\n\t\t\t<input type=\"hidden\" name=\"post_id\" value=\"12390\"\/>\n\t\t\t<input type=\"hidden\" name=\"form_id\" value=\"040f926\"\/>\n\t\t\t<input type=\"hidden\" name=\"referer_title\" value=\"HyMon Hydraulics\" \/>\n\n\t\t\t\n\t\t\t<div class=\"elementor-form-fields-wrapper elementor-labels-above\">\n\t\t\t\t\t\t\t\t<div class=\"elementor-field-type-text elementor-field-group elementor-column elementor-field-group-name elementor-col-100 elementor-field-required elementor-mark-required\">\n\t\t\t\t\t\t\t\t\t\t\t\t<label for=\"form-field-name\" class=\"elementor-field-label\">\n\t\t\t\t\t\t\t\tNome\t\t\t\t\t\t\t<\/label>\n\t\t\t\t\t\t\t\t\t\t\t\t\t\t<input size=\"1\" type=\"text\" name=\"form_fields[name]\" id=\"form-field-name\" class=\"elementor-field elementor-size-md  elementor-field-textual\" required=\"required\">\n\t\t\t\t\t\t\t\t\t\t\t<\/div>\n\t\t\t\t\t\t\t\t<div class=\"elementor-field-type-email elementor-field-group elementor-column elementor-field-group-email elementor-col-100 elementor-field-required elementor-mark-required\">\n\t\t\t\t\t\t\t\t\t\t\t\t<label for=\"form-field-email\" class=\"elementor-field-label\">\n\t\t\t\t\t\t\t\tE-mail\t\t\t\t\t\t\t<\/label>\n\t\t\t\t\t\t\t\t\t\t\t\t\t\t<input size=\"1\" type=\"email\" name=\"form_fields[email]\" id=\"form-field-email\" class=\"elementor-field elementor-size-md  elementor-field-textual\" required=\"required\">\n\t\t\t\t\t\t\t\t\t\t\t<\/div>\n\t\t\t\t\t\t\t\t<div class=\"elementor-field-type-text elementor-field-group elementor-column elementor-field-group-field_d5aad89 elementor-col-100\">\n\t\t\t\t\t\t\t\t\t\t\t\t<label for=\"form-field-field_d5aad89\" class=\"elementor-field-label\">\n\t\t\t\t\t\t\t\tConsulta e Quantidade\t\t\t\t\t\t\t<\/label>\n\t\t\t\t\t\t\t\t\t\t\t\t\t\t<input size=\"1\" type=\"text\" name=\"form_fields[field_d5aad89]\" id=\"form-field-field_d5aad89\" class=\"elementor-field elementor-size-md  elementor-field-textual\">\n\t\t\t\t\t\t\t\t\t\t\t<\/div>\n\t\t\t\t\t\t\t\t<div class=\"elementor-field-type-textarea elementor-field-group elementor-column elementor-field-group-message elementor-col-100 elementor-field-required elementor-mark-required\">\n\t\t\t\t\t\t\t\t\t\t\t\t<label for=\"form-field-message\" class=\"elementor-field-label\">\n\t\t\t\t\t\t\t\tConte-nos um pouco sobre seu projeto\t\t\t\t\t\t\t<\/label>\n\t\t\t\t\t\t<textarea class=\"elementor-field-textual elementor-field  elementor-size-md\" name=\"form_fields[message]\" id=\"form-field-message\" rows=\"8\" placeholder=\"Por gentileza, envie o m\u00e1ximo de informa\u00e7\u00f5es poss\u00edvel sobre equipamentos alternativos, como quantidade, modelo #, pe\u00e7a #, etc.\" required=\"required\"><\/textarea>\t\t\t\t<\/div>\n\t\t\t\t\t\t\t\t<div class=\"elementor-field-type-recaptcha_v3 elementor-field-group elementor-column elementor-field-group-field_3d0ac2c elementor-col-100 recaptcha_v3-bottomright\">\n\t\t\t\t\t<div class=\"elementor-field\" id=\"form-field-field_3d0ac2c\"><div class=\"elementor-g-recaptcha\" data-sitekey=\"6Ld56OArAAAAAC4vfq6ELCUq6EbA1ayxu2rEbCiy\" data-type=\"v3\" data-action=\"Form\" data-badge=\"bottomright\" data-size=\"invisible\"><\/div><\/div>\t\t\t\t<\/div>\n\t\t\t\t\t\t\t\t<div class=\"elementor-field-group elementor-column elementor-field-type-submit elementor-col-100 e-form__buttons\">\n\t\t\t\t\t<button class=\"elementor-button elementor-size-lg\" type=\"submit\">\n\t\t\t\t\t\t<span class=\"elementor-button-content-wrapper\">\n\t\t\t\t\t\t\t\t\t\t\t\t\t\t\t\t\t\t\t\t\t\t<span class=\"elementor-button-text\">Enviar<\/span>\n\t\t\t\t\t\t\t\t\t\t\t\t\t<\/span>\n\t\t\t\t\t<\/button>\n\t\t\t\t<\/div>\n\t\t\t<\/div>\n\t\t<input type=\"hidden\" name=\"trp-form-language\" value=\"pt\"\/><\/form>\n\t\t\t\t\t\t<\/div>\n\t\t\t\t<\/div>\n\t\t\t\t\t<\/div>\n\t\t\t\t<\/div>\n\t\t\t\t<\/div>","protected":false},"excerpt":{"rendered":"<p>HyMon Hydraulics HyMon Hydraulics is a ISO9001:2015 certified company specializing in producing hydraulic pump motor valves system, located in Ningbo, China. Our company covers an area of more than 60,000 square meters. There are 131 rich-experienced engineers and mechanics supporting your projects.About 90% of products are sold to Europe, Southeast Asia, North America, South America,&hellip;<\/p>","protected":false},"author":1,"featured_media":0,"parent":0,"menu_order":4,"comment_status":"closed","ping_status":"closed","template":"elementor_header_footer","meta":{"footnotes":""},"class_list":["post-12390","page","type-page","status-publish","hentry"],"yoast_head":"<!-- This site is optimized with the Yoast SEO plugin v27.2 - https:\/\/yoast.com\/product\/yoast-seo-wordpress\/ -->\n<title>Leading Hydraulic Pump, Motor &amp; Parts Supplier | HyMon Hydraulics<\/title>\n<meta name=\"description\" content=\"HyMon supplies premium hydraulic pumps, motors, axial piston pumps, radial piston motors. Your trusted supplier partner. Contact us!\" \/>\n<meta name=\"robots\" content=\"index, follow, max-snippet:-1, max-image-preview:large, max-video-preview:-1\" \/>\n<link rel=\"canonical\" href=\"https:\/\/ihymon.com\/pt\/company\/\" \/>\n<meta property=\"og:locale\" content=\"pt_BR\" \/>\n<meta property=\"og:type\" content=\"article\" \/>\n<meta property=\"og:title\" content=\"Leading Hydraulic Pump, Motor &amp; Parts Supplier | HyMon Hydraulics\" \/>\n<meta property=\"og:description\" content=\"HyMon supplies premium hydraulic pumps, motors, axial piston pumps, radial piston motors. Your trusted supplier partner. Contact us!\" \/>\n<meta property=\"og:url\" content=\"https:\/\/ihymon.com\/pt\/company\/\" \/>\n<meta property=\"og:site_name\" content=\"HyMon Hydraulics\" \/>\n<meta property=\"article:modified_time\" content=\"2025-10-15T09:51:32+00:00\" \/>\n<meta property=\"og:image\" content=\"https:\/\/ihymon.com\/wp-content\/uploads\/2025\/10\/factory2.jpg\" \/>\n\t<meta property=\"og:image:width\" content=\"800\" \/>\n\t<meta property=\"og:image:height\" content=\"449\" \/>\n\t<meta property=\"og:image:type\" content=\"image\/jpeg\" \/>\n<meta name=\"twitter:card\" content=\"summary_large_image\" \/>\n<meta name=\"twitter:label1\" content=\"Est. tempo de leitura\" \/>\n\t<meta name=\"twitter:data1\" content=\"2 minutos\" \/>\n<script type=\"application\/ld+json\" class=\"yoast-schema-graph\">{\"@context\":\"https:\/\/schema.org\",\"@graph\":[{\"@type\":\"WebPage\",\"@id\":\"https:\/\/ihymon.com\/company\/\",\"url\":\"https:\/\/ihymon.com\/company\/\",\"name\":\"Leading Hydraulic Pump, Motor & Parts Supplier | HyMon Hydraulics\",\"isPartOf\":{\"@id\":\"https:\/\/ihymon.com\/#website\"},\"primaryImageOfPage\":{\"@id\":\"https:\/\/ihymon.com\/company\/#primaryimage\"},\"image\":{\"@id\":\"https:\/\/ihymon.com\/company\/#primaryimage\"},\"thumbnailUrl\":\"https:\/\/ihymon.com\/wp-content\/uploads\/2025\/10\/factory2-768x431.jpg\",\"datePublished\":\"2025-10-07T02:32:44+00:00\",\"dateModified\":\"2025-10-15T09:51:32+00:00\",\"description\":\"HyMon supplies premium hydraulic pumps, motors, axial piston pumps, radial piston motors. Your trusted supplier partner. Contact us!\",\"breadcrumb\":{\"@id\":\"https:\/\/ihymon.com\/company\/#breadcrumb\"},\"inLanguage\":\"pt-BR\",\"potentialAction\":[{\"@type\":\"ReadAction\",\"target\":[\"https:\/\/ihymon.com\/company\/\"]}]},{\"@type\":\"ImageObject\",\"inLanguage\":\"pt-BR\",\"@id\":\"https:\/\/ihymon.com\/company\/#primaryimage\",\"url\":\"https:\/\/ihymon.com\/wp-content\/uploads\/2025\/10\/factory2-768x431.jpg\",\"contentUrl\":\"https:\/\/ihymon.com\/wp-content\/uploads\/2025\/10\/factory2-768x431.jpg\"},{\"@type\":\"BreadcrumbList\",\"@id\":\"https:\/\/ihymon.com\/company\/#breadcrumb\",\"itemListElement\":[{\"@type\":\"ListItem\",\"position\":1,\"name\":\"Home\",\"item\":\"https:\/\/ihymon.com\/\"},{\"@type\":\"ListItem\",\"position\":2,\"name\":\"Company\"}]},{\"@type\":\"WebSite\",\"@id\":\"https:\/\/ihymon.com\/#website\",\"url\":\"https:\/\/ihymon.com\/\",\"name\":\"HyMon Hydraulics\",\"description\":\"\",\"publisher\":{\"@id\":\"https:\/\/ihymon.com\/#organization\"},\"potentialAction\":[{\"@type\":\"SearchAction\",\"target\":{\"@type\":\"EntryPoint\",\"urlTemplate\":\"https:\/\/ihymon.com\/?s={search_term_string}\"},\"query-input\":{\"@type\":\"PropertyValueSpecification\",\"valueRequired\":true,\"valueName\":\"search_term_string\"}}],\"inLanguage\":\"pt-BR\"},{\"@type\":\"Organization\",\"@id\":\"https:\/\/ihymon.com\/#organization\",\"name\":\"HyMon Hydraulics\",\"url\":\"https:\/\/ihymon.com\/\",\"logo\":{\"@type\":\"ImageObject\",\"inLanguage\":\"pt-BR\",\"@id\":\"https:\/\/ihymon.com\/#\/schema\/logo\/image\/\",\"url\":\"https:\/\/ihymon.com\/wp-content\/uploads\/2024\/10\/2.png\",\"contentUrl\":\"https:\/\/ihymon.com\/wp-content\/uploads\/2024\/10\/2.png\",\"width\":400,\"height\":80,\"caption\":\"HyMon Hydraulics\"},\"image\":{\"@id\":\"https:\/\/ihymon.com\/#\/schema\/logo\/image\/\"}}]}<\/script>\n<!-- \/ Yoast SEO plugin. -->","yoast_head_json":{"title":"Leading Hydraulic Pump, Motor & Parts Supplier | HyMon Hydraulics","description":"HyMon supplies premium hydraulic pumps, motors, axial piston pumps, radial piston motors. Your trusted supplier partner. Contact us!","robots":{"index":"index","follow":"follow","max-snippet":"max-snippet:-1","max-image-preview":"max-image-preview:large","max-video-preview":"max-video-preview:-1"},"canonical":"https:\/\/ihymon.com\/pt\/company\/","og_locale":"pt_BR","og_type":"article","og_title":"Leading Hydraulic Pump, Motor & Parts Supplier | HyMon Hydraulics","og_description":"HyMon supplies premium hydraulic pumps, motors, axial piston pumps, radial piston motors. Your trusted supplier partner. Contact us!","og_url":"https:\/\/ihymon.com\/pt\/company\/","og_site_name":"HyMon Hydraulics","article_modified_time":"2025-10-15T09:51:32+00:00","og_image":[{"width":800,"height":449,"url":"https:\/\/ihymon.com\/wp-content\/uploads\/2025\/10\/factory2.jpg","type":"image\/jpeg"}],"twitter_card":"summary_large_image","twitter_misc":{"Est. tempo de leitura":"2 minutos"},"schema":{"@context":"https:\/\/schema.org","@graph":[{"@type":"WebPage","@id":"https:\/\/ihymon.com\/company\/","url":"https:\/\/ihymon.com\/company\/","name":"Leading Hydraulic Pump, Motor & Parts Supplier | HyMon Hydraulics","isPartOf":{"@id":"https:\/\/ihymon.com\/#website"},"primaryImageOfPage":{"@id":"https:\/\/ihymon.com\/company\/#primaryimage"},"image":{"@id":"https:\/\/ihymon.com\/company\/#primaryimage"},"thumbnailUrl":"https:\/\/ihymon.com\/wp-content\/uploads\/2025\/10\/factory2-768x431.jpg","datePublished":"2025-10-07T02:32:44+00:00","dateModified":"2025-10-15T09:51:32+00:00","description":"HyMon supplies premium hydraulic pumps, motors, axial piston pumps, radial piston motors. Your trusted supplier partner. Contact us!","breadcrumb":{"@id":"https:\/\/ihymon.com\/company\/#breadcrumb"},"inLanguage":"pt-BR","potentialAction":[{"@type":"ReadAction","target":["https:\/\/ihymon.com\/company\/"]}]},{"@type":"ImageObject","inLanguage":"pt-BR","@id":"https:\/\/ihymon.com\/company\/#primaryimage","url":"https:\/\/ihymon.com\/wp-content\/uploads\/2025\/10\/factory2-768x431.jpg","contentUrl":"https:\/\/ihymon.com\/wp-content\/uploads\/2025\/10\/factory2-768x431.jpg"},{"@type":"BreadcrumbList","@id":"https:\/\/ihymon.com\/company\/#breadcrumb","itemListElement":[{"@type":"ListItem","position":1,"name":"Home","item":"https:\/\/ihymon.com\/"},{"@type":"ListItem","position":2,"name":"Company"}]},{"@type":"WebSite","@id":"https:\/\/ihymon.com\/#website","url":"https:\/\/ihymon.com\/","name":"HyMon Hydraulics","description":"","publisher":{"@id":"https:\/\/ihymon.com\/#organization"},"potentialAction":[{"@type":"SearchAction","target":{"@type":"EntryPoint","urlTemplate":"https:\/\/ihymon.com\/?s={search_term_string}"},"query-input":{"@type":"PropertyValueSpecification","valueRequired":true,"valueName":"search_term_string"}}],"inLanguage":"pt-BR"},{"@type":"Organization","@id":"https:\/\/ihymon.com\/#organization","name":"HyMon Hydraulics","url":"https:\/\/ihymon.com\/","logo":{"@type":"ImageObject","inLanguage":"pt-BR","@id":"https:\/\/ihymon.com\/#\/schema\/logo\/image\/","url":"https:\/\/ihymon.com\/wp-content\/uploads\/2024\/10\/2.png","contentUrl":"https:\/\/ihymon.com\/wp-content\/uploads\/2024\/10\/2.png","width":400,"height":80,"caption":"HyMon Hydraulics"},"image":{"@id":"https:\/\/ihymon.com\/#\/schema\/logo\/image\/"}}]}},"_links":{"self":[{"href":"https:\/\/ihymon.com\/pt\/wp-json\/wp\/v2\/pages\/12390","targetHints":{"allow":["GET"]}}],"collection":[{"href":"https:\/\/ihymon.com\/pt\/wp-json\/wp\/v2\/pages"}],"about":[{"href":"https:\/\/ihymon.com\/pt\/wp-json\/wp\/v2\/types\/page"}],"author":[{"embeddable":true,"href":"https:\/\/ihymon.com\/pt\/wp-json\/wp\/v2\/users\/1"}],"replies":[{"embeddable":true,"href":"https:\/\/ihymon.com\/pt\/wp-json\/wp\/v2\/comments?post=12390"}],"version-history":[{"count":19,"href":"https:\/\/ihymon.com\/pt\/wp-json\/wp\/v2\/pages\/12390\/revisions"}],"predecessor-version":[{"id":13362,"href":"https:\/\/ihymon.com\/pt\/wp-json\/wp\/v2\/pages\/12390\/revisions\/13362"}],"wp:attachment":[{"href":"https:\/\/ihymon.com\/pt\/wp-json\/wp\/v2\/media?parent=12390"}],"curies":[{"name":"wp","href":"https:\/\/api.w.org\/{rel}","templated":true}]}}