{"id":5475,"date":"2021-10-01T13:01:38","date_gmt":"2021-10-01T13:01:38","guid":{"rendered":"https:\/\/the7.io\/business-advisors\/?page_id=5475"},"modified":"2025-10-07T11:21:35","modified_gmt":"2025-10-07T03:21:35","slug":"terms-conditions","status":"publish","type":"page","link":"https:\/\/ihymon.com\/pl\/terms-conditions\/","title":{"rendered":"Warunki i zasady"},"content":{"rendered":"<h1 class=\"wp-block-heading\">Warunki korzystania z serwisu<\/h1>\n\n\n\n<p>Przed skorzystaniem z Naszej Us\u0142ugi prosimy o dok\u0142adne zapoznanie si\u0119 z niniejszym regulaminem.<\/p>\n\n\n\n<h2 class=\"wp-block-heading\">Interpretacja i definicje<\/h2>\n\n\n\n<h3 class=\"wp-block-heading\">Interpretacja<\/h3>\n\n\n\n<p>S\u0142owa, kt\u00f3rych pierwsze litery s\u0105 wielkie, maj\u0105 znaczenie zdefiniowane pod nast\u0119puj\u0105cymi warunkami. Poni\u017csze definicje maj\u0105 to samo znaczenie niezale\u017cnie od tego, czy wyst\u0119puj\u0105 w liczbie pojedynczej, czy mnogiej.<\/p>\n\n\n\n<h3 class=\"wp-block-heading\">Definicje<\/h3>\n\n\n\n<p>Na potrzeby niniejszego Regulaminu:<\/p>\n\n\n\n<ul class=\"wp-block-list\">\n<li><strong>Przy\u0142\u0105cza\u0107<\/strong> oznacza podmiot kontroluj\u0105cy, kontrolowany przez lub podlegaj\u0105cy wsp\u00f3lnej kontroli ze stron\u0105, gdzie \u201ekontrola\u201d oznacza posiadanie 50% lub wi\u0119kszej liczby akcji, udzia\u0142\u00f3w kapita\u0142owych lub innych papier\u00f3w warto\u015bciowych uprawniaj\u0105cych do g\u0142osowania w wyborach dyrektor\u00f3w lub innych organ\u00f3w zarz\u0105dzaj\u0105cych.<\/li>\n\n\n\n<li><strong>Kraj<\/strong> odnosi si\u0119 do: Chin<\/li>\n\n\n\n<li><strong>Firma<\/strong> (zwana dalej w niniejszej Umowie \u201eSp\u00f3\u0142k\u0105\u201d, \u201eMy\u201d, \u201eNas\u201d lub \u201eNasz\u201d) oznacza HyMon Hydraulics, #185, Guangyuan Road, Zhenhai District, Ningbo, Chiny.<\/li>\n\n\n\n<li><strong>Urz\u0105dzenie<\/strong> oznacza ka\u017cde urz\u0105dzenie umo\u017cliwiaj\u0105ce dost\u0119p do Us\u0142ugi, takie jak komputer, telefon kom\u00f3rkowy lub tablet cyfrowy.<\/li>\n\n\n\n<li><strong>Praca<\/strong> odnosi si\u0119 do Witryny.<\/li>\n\n\n\n<li><strong>Warunki korzystania z serwisu<\/strong> (zwane tak\u017ce \u201eWarunkami\u201d) oznaczaj\u0105 niniejsze Warunki, kt\u00f3re stanowi\u0105 ca\u0142o\u015b\u0107 umowy pomi\u0119dzy U\u017cytkownikiem a Sp\u00f3\u0142k\u0105 w zakresie korzystania z Us\u0142ugi. <\/li>\n\n\n\n<li><strong>Us\u0142uga medi\u00f3w spo\u0142eczno\u015bciowych stron trzecich<\/strong> oznacza wszelkie us\u0142ugi lub tre\u015bci (w tym dane, informacje, produkty lub us\u0142ugi) dostarczane przez osoby trzecie, kt\u00f3re mog\u0105 by\u0107 wy\u015bwietlane, uwzgl\u0119dniane lub udost\u0119pniane w ramach Serwisu.<\/li>\n\n\n\n<li><strong>Strona internetowa<\/strong> odnosi si\u0119 do HyMon Hydraulics, dost\u0119pnego pod adresem <a href=\"https:\/\/ihymon.com\/pl\/\" target=\"_blank\" rel=\"noreferrer noopener\">https:\/\/ihymon.com\/<\/a><\/li>\n\n\n\n<li><strong>Ty<\/strong> oznacza osob\u0119 uzyskuj\u0105c\u0105 dost\u0119p do Us\u0142ugi lub korzystaj\u0105c\u0105 z niej albo sp\u00f3\u0142k\u0119 lub inny podmiot prawny, w imieniu kt\u00f3rego taka osoba uzyskuje dost\u0119p do Us\u0142ugi lub z niej korzysta, w stosownych przypadkach.<\/li>\n<\/ul>\n\n\n\n<h2 class=\"wp-block-heading\">Potwierdzenie<\/h2>\n\n\n\n<p>Niniejszy Regulamin reguluje korzystanie z Us\u0142ugi oraz umow\u0119 mi\u0119dzy U\u017cytkownikiem a Sp\u00f3\u0142k\u0105. Regulamin okre\u015bla prawa i obowi\u0105zki wszystkich u\u017cytkownik\u00f3w w zakresie korzystania z Us\u0142ugi.<\/p>\n\n\n\n<p>Dost\u0119p do Serwisu i korzystanie z niego s\u0105 uzale\u017cnione od akceptacji i przestrzegania niniejszych Warunk\u00f3w. Niniejsze Warunki maj\u0105 zastosowanie do wszystkich odwiedzaj\u0105cych, u\u017cytkownik\u00f3w i innych os\u00f3b uzyskuj\u0105cych dost\u0119p do Serwisu lub z niego korzystaj\u0105cych.<\/p>\n\n\n\n<p>Uzyskuj\u0105c dost\u0119p do Us\u0142ugi lub korzystaj\u0105c z niej, wyra\u017casz zgod\u0119 na przestrzeganie niniejszych Warunk\u00f3w. Je\u015bli nie zgadzasz si\u0119 z jak\u0105kolwiek cz\u0119\u015bci\u0105 niniejszych Warunk\u00f3w, nie mo\u017cesz korzysta\u0107 z Us\u0142ugi.<\/p>\n\n\n\n<p>O\u015bwiadczasz, \u017ce masz uko\u0144czone 18 lat. Sp\u00f3\u0142ka nie zezwala na korzystanie z Us\u0142ugi osobom, kt\u00f3re nie uko\u0144czy\u0142y 18 lat.<\/p>\n\n\n\n<p>Dost\u0119p do Us\u0142ugi i korzystanie z niej jest r\u00f3wnie\u017c uzale\u017cnione od akceptacji i przestrzegania Polityki Prywatno\u015bci Sp\u00f3\u0142ki. Nasza Polityka Prywatno\u015bci opisuje nasze zasady i procedury dotycz\u0105ce gromadzenia, wykorzystywania i ujawniania Twoich danych osobowych podczas korzystania z Aplikacji lub Strony Internetowej, a tak\u017ce informuje o Twoich prawach do prywatno\u015bci i sposobach ochrony Twoich danych przez prawo. Prosimy o uwa\u017cne zapoznanie si\u0119 z nasz\u0105 Polityk\u0105 Prywatno\u015bci przed skorzystaniem z Naszej Us\u0142ugi.<\/p>\n\n\n\n<h2 class=\"wp-block-heading\">Linki do innych stron internetowych<\/h2>\n\n\n\n<p>Nasz Serwis mo\u017ce zawiera\u0107 odno\u015bniki do stron internetowych lub us\u0142ug stron trzecich, kt\u00f3re nie s\u0105 w\u0142asno\u015bci\u0105 Sp\u00f3\u0142ki ani nie podlegaj\u0105 jej kontroli.<\/p>\n\n\n\n<p>Sp\u00f3\u0142ka nie ma kontroli nad tre\u015bci\u0105, polityk\u0105 prywatno\u015bci ani praktykami stron internetowych lub us\u0142ug stron trzecich i nie ponosi za nie odpowiedzialno\u015bci. Ponadto U\u017cytkownik przyjmuje do wiadomo\u015bci i zgadza si\u0119, \u017ce Sp\u00f3\u0142ka nie ponosi odpowiedzialno\u015bci, bezpo\u015brednio ani po\u015brednio, za jakiekolwiek szkody lub straty spowodowane lub rzekomo spowodowane przez lub w zwi\u0105zku z korzystaniem z lub poleganiem na takich tre\u015bciach, towarach lub us\u0142ugach dost\u0119pnych na lub za po\u015brednictwem takich stron internetowych lub us\u0142ug.<\/p>\n\n\n\n<p>Zdecydowanie zalecamy zapoznanie si\u0119 z regulaminem i polityk\u0105 prywatno\u015bci wszelkich stron internetowych lub us\u0142ug stron trzecich, kt\u00f3re odwiedzasz.<\/p>\n\n\n\n<h2 class=\"wp-block-heading\">Zako\u0144czenie<\/h2>\n\n\n\n<p>Mamy prawo natychmiastowego i bez wcze\u015bniejszego powiadomienia lub ponoszenia odpowiedzialno\u015bci zako\u0144czy\u0107 lub zawiesi\u0107 Tw\u00f3j dost\u0119p z dowolnego powodu, w tym, ale nie wy\u0142\u0105cznie, w przypadku naruszenia przez Ciebie niniejszych Warunk\u00f3w.<\/p>\n\n\n\n<p>Po rozwi\u0105zaniu Umowy Twoje prawo do korzystania z Us\u0142ugi wygasa natychmiast.<\/p>\n\n\n\n<h2 class=\"wp-block-heading\">Ograniczenie odpowiedzialno\u015bci<\/h2>\n\n\n\n<p>Niezale\u017cnie od jakichkolwiek szk\u00f3d, jakie mo\u017cesz ponie\u015b\u0107, ca\u0142kowita odpowiedzialno\u015b\u0107 Sp\u00f3\u0142ki i ka\u017cdego z jej dostawc\u00f3w na mocy kt\u00f3regokolwiek z postanowie\u0144 niniejszych Warunk\u00f3w oraz Twoje wy\u0142\u0105czne zado\u015b\u0107uczynienie za wszystkie powy\u017csze zdarzenia b\u0119d\u0105 ograniczone do kwoty faktycznie zap\u0142aconej przez Ciebie za po\u015brednictwem Us\u0142ugi lub 100 USD, je\u015bli nie dokona\u0142e\u015b \u017cadnego zakupu za po\u015brednictwem Us\u0142ugi.<\/p>\n\n\n\n<p>W maksymalnym zakresie dozwolonym przez obowi\u0105zuj\u0105ce prawo, Sp\u00f3\u0142ka ani jej dostawcy nie ponosz\u0105 w \u017cadnym wypadku odpowiedzialno\u015bci za jakiekolwiek szkody szczeg\u00f3lne, przypadkowe, po\u015brednie lub wynikowe (w tym, ale nie wy\u0142\u0105cznie, szkody z tytu\u0142u utraty zysk\u00f3w, utraty danych lub innych informacji, przerwy w dzia\u0142alno\u015bci, obra\u017ce\u0144 cia\u0142a, utraty prywatno\u015bci wynikaj\u0105cej z lub w jakikolwiek spos\u00f3b zwi\u0105zanej z korzystaniem z Us\u0142ugi lub niemo\u017cno\u015bci\u0105 korzystania z niej, oprogramowania stron trzecich i\/lub sprz\u0119tu stron trzecich u\u017cywanego z Us\u0142ug\u0105 lub w inny spos\u00f3b w zwi\u0105zku z jakimkolwiek postanowieniem niniejszych Warunk\u00f3w), nawet je\u015bli Sp\u00f3\u0142ka lub kt\u00f3rykolwiek z dostawc\u00f3w zosta\u0142 poinformowany o mo\u017cliwo\u015bci wyst\u0105pienia takich szk\u00f3d i nawet je\u015bli \u015brodek zaradczy nie spe\u0142ni swojego zasadniczego celu.<\/p>\n\n\n\n<p>Niekt\u00f3re stany nie zezwalaj\u0105 na wy\u0142\u0105czenie gwarancji dorozumianych lub ograniczenie odpowiedzialno\u015bci za szkody przypadkowe lub nast\u0119pcze, co oznacza, \u017ce niekt\u00f3re z powy\u017cszych ogranicze\u0144 mog\u0105 nie mie\u0107 zastosowania. W tych stanach odpowiedzialno\u015b\u0107 ka\u017cdej ze stron b\u0119dzie ograniczona w maksymalnym zakresie dozwolonym przez prawo.<\/p>\n\n\n\n<h2 class=\"wp-block-heading\">Zastrze\u017cenie \u201eTAK JAK JEST\u201d i \u201eTAK JAK DOST\u0118PNE\u201d<\/h2>\n\n\n\n<p>Us\u0142uga jest \u015bwiadczona U\u017cytkownikowi \u201eW STANIE, W JAKIM SI\u0118 ZNAJDUJE\u201d i \u201eW MIAR\u0118 DOST\u0118PNO\u015aCI\u201d z wszelkimi wadami i usterkami, bez jakiejkolwiek gwarancji. W maksymalnym zakresie dozwolonym przez obowi\u0105zuj\u0105ce prawo, Sp\u00f3\u0142ka, w imieniu w\u0142asnym oraz w imieniu swoich Podmiot\u00f3w Powi\u0105zanych oraz swoich i ich odpowiednich licencjodawc\u00f3w i dostawc\u00f3w us\u0142ug, wyra\u017anie zrzeka si\u0119 wszelkich gwarancji, wyra\u017anych, dorozumianych, ustawowych lub innych, w odniesieniu do Us\u0142ugi, w tym wszelkich dorozumianych gwarancji przydatno\u015bci handlowej, przydatno\u015bci do okre\u015blonego celu, tytu\u0142u prawnego i nienaruszalno\u015bci praw os\u00f3b trzecich, a tak\u017ce gwarancji, kt\u00f3re mog\u0105 wynika\u0107 z przebiegu transakcji, wykonania, u\u017cytkowania lub praktyki handlowej. Bez ogranicze\u0144 do powy\u017cszego, Sp\u00f3\u0142ka nie udziela \u017cadnych gwarancji ani zobowi\u0105za\u0144 i nie sk\u0142ada \u017cadnych o\u015bwiadcze\u0144, \u017ce Us\u0142uga spe\u0142ni Pa\u0144stwa wymagania, osi\u0105gnie zamierzone rezultaty, b\u0119dzie kompatybilna lub b\u0119dzie wsp\u00f3\u0142pracowa\u0107 z jakimkolwiek innym oprogramowaniem, aplikacjami, systemami lub us\u0142ugami, b\u0119dzie dzia\u0142a\u0107 bez zak\u0142\u00f3ce\u0144, spe\u0142ni jakiekolwiek standardy wydajno\u015bci lub niezawodno\u015bci lub b\u0119dzie wolna od b\u0142\u0119d\u00f3w, lub \u017ce jakiekolwiek b\u0142\u0119dy lub usterki mog\u0105 lub zostan\u0105 naprawione.<\/p>\n\n\n\n<p>Bez ograniczania powy\u017cszego, ani Sp\u00f3\u0142ka ani \u017caden z dostawc\u00f3w Sp\u00f3\u0142ki nie sk\u0142ada \u017cadnych o\u015bwiadcze\u0144 ani gwarancji \u017cadnego rodzaju, wyra\u017anych ani dorozumianych: (i) co do dzia\u0142ania lub dost\u0119pno\u015bci Us\u0142ugi lub informacji, tre\u015bci, materia\u0142\u00f3w lub produkt\u00f3w w niej zawartych; (ii) \u017ce Us\u0142uga b\u0119dzie nieprzerwana i wolna od b\u0142\u0119d\u00f3w; (iii) co do dok\u0142adno\u015bci, niezawodno\u015bci lub aktualno\u015bci jakichkolwiek informacji lub tre\u015bci dostarczanych za po\u015brednictwem Us\u0142ugi; lub (iv) \u017ce Us\u0142uga, jej serwery, tre\u015b\u0107 lub wiadomo\u015bci e-mail wysy\u0142ane z lub w imieniu Sp\u00f3\u0142ki s\u0105 wolne od wirus\u00f3w, skrypt\u00f3w, koni troja\u0144skich, robak\u00f3w, z\u0142o\u015bliwego oprogramowania, bomb zegarowych lub innych szkodliwych komponent\u00f3w.<\/p>\n\n\n\n<p>W niekt\u00f3rych jurysdykcjach wy\u0142\u0105czenie okre\u015blonych rodzaj\u00f3w gwarancji lub ogranicze\u0144 ustawowych praw konsumenta nie jest dozwolone, dlatego niekt\u00f3re lub wszystkie z powy\u017cszych wy\u0142\u0105cze\u0144 i ogranicze\u0144 mog\u0105 nie mie\u0107 zastosowania do U\u017cytkownika. W takim przypadku wy\u0142\u0105czenia i ograniczenia okre\u015blone w niniejszym punkcie b\u0119d\u0105 stosowane w najszerszym zakresie egzekwowalnym na mocy obowi\u0105zuj\u0105cego prawa.<\/p>\n\n\n\n<h2 class=\"wp-block-heading\">Prawo w\u0142a\u015bciwe<\/h2>\n\n\n\n<p>Niniejsze Warunki oraz korzystanie z Us\u0142ugi podlegaj\u0105 prawu danego kraju, z wy\u0142\u0105czeniem przepis\u00f3w kolizyjnych. Korzystanie z Aplikacji mo\u017ce r\u00f3wnie\u017c podlega\u0107 innym przepisom prawa lokalnego, stanowego, krajowego lub mi\u0119dzynarodowego.<\/p>\n\n\n\n<h2 class=\"wp-block-heading\">Rozwi\u0105zywanie spor\u00f3w<\/h2>\n\n\n\n<p>Je\u017celi masz jakiekolwiek w\u0105tpliwo\u015bci lub spory dotycz\u0105ce Us\u0142ugi, zgadzasz si\u0119 najpierw podj\u0105\u0107 pr\u00f3b\u0119 rozwi\u0105zania sporu drog\u0105 nieformaln\u0105, kontaktuj\u0105c si\u0119 ze Sp\u00f3\u0142k\u0105.<\/p>\n\n\n\n<h2 class=\"wp-block-heading\">Dla u\u017cytkownik\u00f3w z Unii Europejskiej (UE)<\/h2>\n\n\n\n<p>Je\u017celi jeste\u015b konsumentem z Unii Europejskiej, b\u0119dziesz korzysta\u0142 ze wszelkich obowi\u0105zkowych przepis\u00f3w prawa kraju, w kt\u00f3rym mieszkasz.<\/p>\n\n\n\n<h2 class=\"wp-block-heading\">Zgodno\u015b\u0107 z prawem Stan\u00f3w Zjednoczonych<\/h2>\n\n\n\n<p>O\u015bwiadczasz i gwarantujesz, \u017ce (i) nie znajdujesz si\u0119 w kraju obj\u0119tym embargiem rz\u0105du Stan\u00f3w Zjednoczonych lub kt\u00f3ry zosta\u0142 oznaczony przez rz\u0105d Stan\u00f3w Zjednoczonych jako kraj \u201ewspieraj\u0105cy terroryzm\u201d oraz (ii) nie jeste\u015b wymieniony na \u017cadnej li\u015bcie podmiot\u00f3w obj\u0119tych zakazem lub ograniczeniami rz\u0105du Stan\u00f3w Zjednoczonych.<\/p>\n\n\n\n<h2 class=\"wp-block-heading\">Podzielno\u015b\u0107 i zrzeczenie si\u0119<\/h2>\n\n\n\n<h3 class=\"wp-block-heading\">Podzielno\u015b\u0107<\/h3>\n\n\n\n<p>Je\u017celi kt\u00f3rekolwiek z postanowie\u0144 niniejszych Warunk\u00f3w oka\u017ce si\u0119 niewykonalne lub niewa\u017cne, postanowienie takie zostanie zmienione i zinterpretowane w spos\u00f3b umo\u017cliwiaj\u0105cy osi\u0105gni\u0119cie cel\u00f3w takiego postanowienia w najszerszym zakresie dopuszczalnym przez obowi\u0105zuj\u0105ce prawo, a pozosta\u0142e postanowienia pozostan\u0105 w pe\u0142nej mocy i b\u0119d\u0105 w pe\u0142ni skuteczne.<\/p>\n\n\n\n<h3 class=\"wp-block-heading\">Zrzeczenie si\u0119<\/h3>\n\n\n\n<p>Z wyj\u0105tkiem przypadk\u00f3w okre\u015blonych w niniejszym dokumencie, zaniechanie wykonania prawa lub za\u017c\u0105danie wykonania obowi\u0105zku wynikaj\u0105cego z niniejszych Warunk\u00f3w nie ma wp\u0142ywu na zdolno\u015b\u0107 strony do wykonania takiego prawa lub za\u017c\u0105dania takiego wykonania w dowolnym momencie w przysz\u0142o\u015bci, a zrzeczenie si\u0119 dochodzenia naruszenia nie stanowi zrzeczenia si\u0119 dochodzenia dochodzenia jakiegokolwiek p\u00f3\u017aniejszego naruszenia.<\/p>\n\n\n\n<h2 class=\"wp-block-heading\">T\u0142umaczenie Interpretacja<\/h2>\n\n\n\n<p>Niniejsze Warunki mog\u0105 zosta\u0107 przet\u0142umaczone, je\u015bli udost\u0119pnili\u015bmy je U\u017cytkownikowi w ramach naszej Us\u0142ugi. U\u017cytkownik zgadza si\u0119, \u017ce w przypadku sporu rozstrzygaj\u0105cy b\u0119dzie oryginalny tekst w j\u0119zyku angielskim.<\/p>\n\n\n\n<h2 class=\"wp-block-heading\">Zmiany w niniejszych Warunkach<\/h2>\n\n\n\n<p>Zastrzegamy sobie prawo, wed\u0142ug naszego wy\u0142\u0105cznego uznania, do modyfikacji lub zast\u0105pienia niniejszego Regulaminu w dowolnym momencie. W przypadku istotnych zmian do\u0142o\u017cymy wszelkich stara\u0144, aby powiadomi\u0107 o nich co najmniej 30 dni przed wej\u015bciem w \u017cycie nowych warunk\u00f3w. O tym, co stanowi istotn\u0105 zmian\u0119, b\u0119dziemy decydowa\u0107 wed\u0142ug naszego wy\u0142\u0105cznego uznania.<\/p>\n\n\n\n<p>Kontynuuj\u0105c dost\u0119p do Naszej Us\u0142ugi lub korzystanie z niej po wej\u015bciu w \u017cycie tych zmian, wyra\u017casz zgod\u0119 na przestrzeganie zmienionych warunk\u00f3w. Je\u015bli nie zgadzasz si\u0119 z nowymi warunkami, w ca\u0142o\u015bci lub w cz\u0119\u015bci, prosimy o zaprzestanie korzystania ze strony internetowej i Us\u0142ugi.<\/p>\n\n\n\n<h2 class=\"wp-block-heading\">Skontaktuj si\u0119 z nami<\/h2>\n\n\n\n<p>Je\u015bli masz jakiekolwiek pytania dotycz\u0105ce niniejszego Regulaminu, mo\u017cesz si\u0119 z nami skontaktowa\u0107:<\/p>\n\n\n\n<ul class=\"wp-block-list\">\n<li>E-mailem: service@ihymon.com<\/li>\n<\/ul>","protected":false},"excerpt":{"rendered":"<p>Terms and Conditions Please read these terms and conditions carefully before using Our Service. Interpretation and Definitions Interpretation The words whose initial letters are capitalized have meanings defined under the following conditions. The following definitions shall have the same meaning regardless of whether they appear in singular or in plural. Definitions For the purposes of&hellip;<\/p>","protected":false},"author":1,"featured_media":0,"parent":0,"menu_order":40,"comment_status":"closed","ping_status":"closed","template":"","meta":{"footnotes":""},"class_list":["post-5475","page","type-page","status-publish","hentry","description-off"],"yoast_head":"<!-- This site is optimized with the Yoast SEO plugin v27.2 - https:\/\/yoast.com\/product\/yoast-seo-wordpress\/ -->\n<title>Terms &amp; conditions | HyMon Hydraulics<\/title>\n<meta name=\"description\" content=\"HyMon supplies premium hydraulic pumps, motors, axial piston pumps, radial piston motors. Your trusted supplier partner. Contact us!\" \/>\n<meta name=\"robots\" content=\"index, follow, max-snippet:-1, max-image-preview:large, max-video-preview:-1\" \/>\n<link rel=\"canonical\" href=\"https:\/\/ihymon.com\/pl\/terms-conditions\/\" \/>\n<meta property=\"og:locale\" content=\"pl_PL\" \/>\n<meta property=\"og:type\" content=\"article\" \/>\n<meta property=\"og:title\" content=\"Terms &amp; conditions | HyMon Hydraulics\" \/>\n<meta property=\"og:description\" content=\"HyMon supplies premium hydraulic pumps, motors, axial piston pumps, radial piston motors. Your trusted supplier partner. Contact us!\" \/>\n<meta property=\"og:url\" content=\"https:\/\/ihymon.com\/pl\/terms-conditions\/\" \/>\n<meta property=\"og:site_name\" content=\"HyMon Hydraulics\" \/>\n<meta property=\"article:modified_time\" content=\"2025-10-07T03:21:35+00:00\" \/>\n<meta name=\"twitter:card\" content=\"summary_large_image\" \/>\n<meta name=\"twitter:label1\" content=\"Szacowany czas czytania\" \/>\n\t<meta name=\"twitter:data1\" content=\"8 minut\" \/>\n<script type=\"application\/ld+json\" class=\"yoast-schema-graph\">{\"@context\":\"https:\/\/schema.org\",\"@graph\":[{\"@type\":\"WebPage\",\"@id\":\"https:\/\/ihymon.com\/terms-conditions\/\",\"url\":\"https:\/\/ihymon.com\/terms-conditions\/\",\"name\":\"Terms & conditions | HyMon Hydraulics\",\"isPartOf\":{\"@id\":\"https:\/\/ihymon.com\/#website\"},\"datePublished\":\"2021-10-01T13:01:38+00:00\",\"dateModified\":\"2025-10-07T03:21:35+00:00\",\"description\":\"HyMon supplies premium hydraulic pumps, motors, axial piston pumps, radial piston motors. Your trusted supplier partner. Contact us!\",\"breadcrumb\":{\"@id\":\"https:\/\/ihymon.com\/terms-conditions\/#breadcrumb\"},\"inLanguage\":\"pl-PL\",\"potentialAction\":[{\"@type\":\"ReadAction\",\"target\":[\"https:\/\/ihymon.com\/terms-conditions\/\"]}]},{\"@type\":\"BreadcrumbList\",\"@id\":\"https:\/\/ihymon.com\/terms-conditions\/#breadcrumb\",\"itemListElement\":[{\"@type\":\"ListItem\",\"position\":1,\"name\":\"Home\",\"item\":\"https:\/\/ihymon.com\/\"},{\"@type\":\"ListItem\",\"position\":2,\"name\":\"Terms &#038; conditions\"}]},{\"@type\":\"WebSite\",\"@id\":\"https:\/\/ihymon.com\/#website\",\"url\":\"https:\/\/ihymon.com\/\",\"name\":\"HyMon Hydraulics\",\"description\":\"\",\"publisher\":{\"@id\":\"https:\/\/ihymon.com\/#organization\"},\"potentialAction\":[{\"@type\":\"SearchAction\",\"target\":{\"@type\":\"EntryPoint\",\"urlTemplate\":\"https:\/\/ihymon.com\/?s={search_term_string}\"},\"query-input\":{\"@type\":\"PropertyValueSpecification\",\"valueRequired\":true,\"valueName\":\"search_term_string\"}}],\"inLanguage\":\"pl-PL\"},{\"@type\":\"Organization\",\"@id\":\"https:\/\/ihymon.com\/#organization\",\"name\":\"HyMon Hydraulics\",\"url\":\"https:\/\/ihymon.com\/\",\"logo\":{\"@type\":\"ImageObject\",\"inLanguage\":\"pl-PL\",\"@id\":\"https:\/\/ihymon.com\/#\/schema\/logo\/image\/\",\"url\":\"https:\/\/ihymon.com\/wp-content\/uploads\/2024\/10\/2.png\",\"contentUrl\":\"https:\/\/ihymon.com\/wp-content\/uploads\/2024\/10\/2.png\",\"width\":400,\"height\":80,\"caption\":\"HyMon Hydraulics\"},\"image\":{\"@id\":\"https:\/\/ihymon.com\/#\/schema\/logo\/image\/\"}}]}<\/script>\n<!-- \/ Yoast SEO plugin. -->","yoast_head_json":{"title":"Terms & conditions | HyMon Hydraulics","description":"HyMon supplies premium hydraulic pumps, motors, axial piston pumps, radial piston motors. Your trusted supplier partner. Contact us!","robots":{"index":"index","follow":"follow","max-snippet":"max-snippet:-1","max-image-preview":"max-image-preview:large","max-video-preview":"max-video-preview:-1"},"canonical":"https:\/\/ihymon.com\/pl\/terms-conditions\/","og_locale":"pl_PL","og_type":"article","og_title":"Terms & conditions | HyMon Hydraulics","og_description":"HyMon supplies premium hydraulic pumps, motors, axial piston pumps, radial piston motors. Your trusted supplier partner. Contact us!","og_url":"https:\/\/ihymon.com\/pl\/terms-conditions\/","og_site_name":"HyMon Hydraulics","article_modified_time":"2025-10-07T03:21:35+00:00","twitter_card":"summary_large_image","twitter_misc":{"Szacowany czas czytania":"8 minut"},"schema":{"@context":"https:\/\/schema.org","@graph":[{"@type":"WebPage","@id":"https:\/\/ihymon.com\/terms-conditions\/","url":"https:\/\/ihymon.com\/terms-conditions\/","name":"Terms & conditions | HyMon Hydraulics","isPartOf":{"@id":"https:\/\/ihymon.com\/#website"},"datePublished":"2021-10-01T13:01:38+00:00","dateModified":"2025-10-07T03:21:35+00:00","description":"HyMon supplies premium hydraulic pumps, motors, axial piston pumps, radial piston motors. Your trusted supplier partner. Contact us!","breadcrumb":{"@id":"https:\/\/ihymon.com\/terms-conditions\/#breadcrumb"},"inLanguage":"pl-PL","potentialAction":[{"@type":"ReadAction","target":["https:\/\/ihymon.com\/terms-conditions\/"]}]},{"@type":"BreadcrumbList","@id":"https:\/\/ihymon.com\/terms-conditions\/#breadcrumb","itemListElement":[{"@type":"ListItem","position":1,"name":"Home","item":"https:\/\/ihymon.com\/"},{"@type":"ListItem","position":2,"name":"Terms &#038; conditions"}]},{"@type":"WebSite","@id":"https:\/\/ihymon.com\/#website","url":"https:\/\/ihymon.com\/","name":"HyMon Hydraulics","description":"","publisher":{"@id":"https:\/\/ihymon.com\/#organization"},"potentialAction":[{"@type":"SearchAction","target":{"@type":"EntryPoint","urlTemplate":"https:\/\/ihymon.com\/?s={search_term_string}"},"query-input":{"@type":"PropertyValueSpecification","valueRequired":true,"valueName":"search_term_string"}}],"inLanguage":"pl-PL"},{"@type":"Organization","@id":"https:\/\/ihymon.com\/#organization","name":"HyMon Hydraulics","url":"https:\/\/ihymon.com\/","logo":{"@type":"ImageObject","inLanguage":"pl-PL","@id":"https:\/\/ihymon.com\/#\/schema\/logo\/image\/","url":"https:\/\/ihymon.com\/wp-content\/uploads\/2024\/10\/2.png","contentUrl":"https:\/\/ihymon.com\/wp-content\/uploads\/2024\/10\/2.png","width":400,"height":80,"caption":"HyMon Hydraulics"},"image":{"@id":"https:\/\/ihymon.com\/#\/schema\/logo\/image\/"}}]}},"_links":{"self":[{"href":"https:\/\/ihymon.com\/pl\/wp-json\/wp\/v2\/pages\/5475","targetHints":{"allow":["GET"]}}],"collection":[{"href":"https:\/\/ihymon.com\/pl\/wp-json\/wp\/v2\/pages"}],"about":[{"href":"https:\/\/ihymon.com\/pl\/wp-json\/wp\/v2\/types\/page"}],"author":[{"embeddable":true,"href":"https:\/\/ihymon.com\/pl\/wp-json\/wp\/v2\/users\/1"}],"replies":[{"embeddable":true,"href":"https:\/\/ihymon.com\/pl\/wp-json\/wp\/v2\/comments?post=5475"}],"version-history":[{"count":7,"href":"https:\/\/ihymon.com\/pl\/wp-json\/wp\/v2\/pages\/5475\/revisions"}],"predecessor-version":[{"id":12396,"href":"https:\/\/ihymon.com\/pl\/wp-json\/wp\/v2\/pages\/5475\/revisions\/12396"}],"wp:attachment":[{"href":"https:\/\/ihymon.com\/pl\/wp-json\/wp\/v2\/media?parent=5475"}],"curies":[{"name":"wp","href":"https:\/\/api.w.org\/{rel}","templated":true}]}}