{"id":13121,"date":"2025-10-07T21:14:56","date_gmt":"2025-10-07T13:14:56","guid":{"rendered":"https:\/\/ihymon.com\/?page_id=13121"},"modified":"2025-10-15T18:22:52","modified_gmt":"2025-10-15T10:22:52","slug":"videos","status":"publish","type":"page","link":"https:\/\/ihymon.com\/pl\/videos\/","title":{"rendered":"Filmy"},"content":{"rendered":"<div data-elementor-type=\"wp-page\" data-elementor-id=\"13121\" class=\"elementor elementor-13121\" data-elementor-post-type=\"page\">\n\t\t\t\t<div class=\"elementor-element elementor-element-d4614ad e-flex e-con-boxed e-con e-parent\" data-id=\"d4614ad\" data-element_type=\"container\" data-e-type=\"container\">\n\t\t\t\t\t<div class=\"e-con-inner\">\n\t\t\t\t<div class=\"elementor-element elementor-element-a490aec elementor-widget elementor-widget-heading\" data-id=\"a490aec\" data-element_type=\"widget\" data-e-type=\"widget\" data-widget_type=\"heading.default\">\n\t\t\t\t<div class=\"elementor-widget-container\">\n\t\t\t\t\t<h2 class=\"elementor-heading-title elementor-size-default\">Filmy<\/h2>\t\t\t\t<\/div>\n\t\t\t\t<\/div>\n\t\t\t\t\t<\/div>\n\t\t\t\t<\/div>\n\t\t<div class=\"elementor-element elementor-element-8739e7f e-flex e-con-boxed e-con e-parent\" data-id=\"8739e7f\" data-element_type=\"container\" data-e-type=\"container\">\n\t\t\t\t\t<div class=\"e-con-inner\">\n\t\t\t\t<div class=\"elementor-element elementor-element-beb4be5 elementor-widget elementor-widget-text-editor\" data-id=\"beb4be5\" data-element_type=\"widget\" data-e-type=\"widget\" data-widget_type=\"text-editor.default\">\n\t\t\t\t<div class=\"elementor-widget-container\">\n\t\t\t\t\t\t\t\t\t<p>Witamy w HyMon Hydraulics. Oferujemy wydajne hydrauliczne pompy \u0142opatkowe (takie jak T6&amp;7, V20, SQP), hydrauliczne pompy t\u0142okowe (takie jak PAVC, PV, PVplus, PVH, PVQ, A4VSO), pompy z\u0119bate (takie jak AZPF, PGH, GPC4, C101\/102) oraz przemys\u0142owe i mobilne zawory hydrauliczne (Z2FS, Z2FS6, WE6, WE10). Jak wida\u0107 poni\u017cej, zaawansowany sprz\u0119t i standardowy proces gwarantuj\u0105 produkty o doskona\u0142ej jako\u015bci.<\/p>\t\t\t\t\t\t\t\t<\/div>\n\t\t\t\t<\/div>\n\t\t\t\t\t<\/div>\n\t\t\t\t<\/div>\n\t\t<div class=\"elementor-element elementor-element-ce6a7b3 e-grid e-con-boxed e-con e-parent\" data-id=\"ce6a7b3\" data-element_type=\"container\" data-e-type=\"container\">\n\t\t\t\t\t<div class=\"e-con-inner\">\n\t\t\t\t<div class=\"elementor-element elementor-element-154bb49 elementor-widget elementor-widget-video\" data-id=\"154bb49\" data-element_type=\"widget\" data-e-type=\"widget\" data-settings=\"{&quot;youtube_url&quot;:&quot;https:\\\/\\\/youtu.be\\\/Hg0nFJhSiJA&quot;,&quot;video_type&quot;:&quot;youtube&quot;,&quot;controls&quot;:&quot;yes&quot;}\" data-widget_type=\"video.default\">\n\t\t\t\t<div class=\"elementor-widget-container\">\n\t\t\t\t\t\t\t<div class=\"elementor-wrapper elementor-open-inline\">\n\t\t\t<div class=\"elementor-video\"><\/div>\t\t<\/div>\n\t\t\t\t\t\t<\/div>\n\t\t\t\t<\/div>\n\t\t\t\t<div class=\"elementor-element elementor-element-c482b28 elementor-widget elementor-widget-video\" data-id=\"c482b28\" data-element_type=\"widget\" data-e-type=\"widget\" data-settings=\"{&quot;youtube_url&quot;:&quot;https:\\\/\\\/youtu.be\\\/Z7s1d5CW9jk&quot;,&quot;video_type&quot;:&quot;youtube&quot;,&quot;controls&quot;:&quot;yes&quot;}\" data-widget_type=\"video.default\">\n\t\t\t\t<div class=\"elementor-widget-container\">\n\t\t\t\t\t\t\t<div class=\"elementor-wrapper elementor-open-inline\">\n\t\t\t<div class=\"elementor-video\"><\/div>\t\t<\/div>\n\t\t\t\t\t\t<\/div>\n\t\t\t\t<\/div>\n\t\t\t\t<div class=\"elementor-element elementor-element-e9eada9 elementor-widget elementor-widget-video\" data-id=\"e9eada9\" data-element_type=\"widget\" data-e-type=\"widget\" data-settings=\"{&quot;youtube_url&quot;:&quot;https:\\\/\\\/youtu.be\\\/1m7P1_5u4dg&quot;,&quot;video_type&quot;:&quot;youtube&quot;,&quot;controls&quot;:&quot;yes&quot;}\" data-widget_type=\"video.default\">\n\t\t\t\t<div class=\"elementor-widget-container\">\n\t\t\t\t\t\t\t<div class=\"elementor-wrapper elementor-open-inline\">\n\t\t\t<div class=\"elementor-video\"><\/div>\t\t<\/div>\n\t\t\t\t\t\t<\/div>\n\t\t\t\t<\/div>\n\t\t\t\t<div class=\"elementor-element elementor-element-cd6fa4e elementor-widget elementor-widget-video\" data-id=\"cd6fa4e\" data-element_type=\"widget\" data-e-type=\"widget\" data-settings=\"{&quot;youtube_url&quot;:&quot;https:\\\/\\\/youtu.be\\\/sHXXP7skjo4&quot;,&quot;video_type&quot;:&quot;youtube&quot;,&quot;controls&quot;:&quot;yes&quot;}\" data-widget_type=\"video.default\">\n\t\t\t\t<div class=\"elementor-widget-container\">\n\t\t\t\t\t\t\t<div class=\"elementor-wrapper elementor-open-inline\">\n\t\t\t<div class=\"elementor-video\"><\/div>\t\t<\/div>\n\t\t\t\t\t\t<\/div>\n\t\t\t\t<\/div>\n\t\t\t\t<div class=\"elementor-element elementor-element-d6e4e68 elementor-widget elementor-widget-video\" data-id=\"d6e4e68\" data-element_type=\"widget\" data-e-type=\"widget\" data-settings=\"{&quot;youtube_url&quot;:&quot;https:\\\/\\\/youtu.be\\\/vNa94jVFQ2w&quot;,&quot;video_type&quot;:&quot;youtube&quot;,&quot;controls&quot;:&quot;yes&quot;}\" data-widget_type=\"video.default\">\n\t\t\t\t<div class=\"elementor-widget-container\">\n\t\t\t\t\t\t\t<div class=\"elementor-wrapper elementor-open-inline\">\n\t\t\t<div class=\"elementor-video\"><\/div>\t\t<\/div>\n\t\t\t\t\t\t<\/div>\n\t\t\t\t<\/div>\n\t\t\t\t<div class=\"elementor-element elementor-element-a8039df elementor-widget elementor-widget-video\" data-id=\"a8039df\" data-element_type=\"widget\" data-e-type=\"widget\" data-settings=\"{&quot;youtube_url&quot;:&quot;https:\\\/\\\/youtu.be\\\/dj8ZhcAys-g&quot;,&quot;video_type&quot;:&quot;youtube&quot;,&quot;controls&quot;:&quot;yes&quot;}\" data-widget_type=\"video.default\">\n\t\t\t\t<div class=\"elementor-widget-container\">\n\t\t\t\t\t\t\t<div class=\"elementor-wrapper elementor-open-inline\">\n\t\t\t<div class=\"elementor-video\"><\/div>\t\t<\/div>\n\t\t\t\t\t\t<\/div>\n\t\t\t\t<\/div>\n\t\t\t\t<div class=\"elementor-element elementor-element-2ccf443 elementor-widget elementor-widget-video\" data-id=\"2ccf443\" data-element_type=\"widget\" data-e-type=\"widget\" data-settings=\"{&quot;youtube_url&quot;:&quot;https:\\\/\\\/youtu.be\\\/J4_2WVCG4Ec&quot;,&quot;video_type&quot;:&quot;youtube&quot;,&quot;controls&quot;:&quot;yes&quot;}\" data-widget_type=\"video.default\">\n\t\t\t\t<div class=\"elementor-widget-container\">\n\t\t\t\t\t\t\t<div class=\"elementor-wrapper elementor-open-inline\">\n\t\t\t<div class=\"elementor-video\"><\/div>\t\t<\/div>\n\t\t\t\t\t\t<\/div>\n\t\t\t\t<\/div>\n\t\t\t\t<div class=\"elementor-element elementor-element-2f0f9b3 elementor-widget elementor-widget-video\" data-id=\"2f0f9b3\" data-element_type=\"widget\" data-e-type=\"widget\" data-settings=\"{&quot;youtube_url&quot;:&quot;https:\\\/\\\/youtu.be\\\/H6e5sI5a2D8&quot;,&quot;video_type&quot;:&quot;youtube&quot;,&quot;controls&quot;:&quot;yes&quot;}\" data-widget_type=\"video.default\">\n\t\t\t\t<div class=\"elementor-widget-container\">\n\t\t\t\t\t\t\t<div class=\"elementor-wrapper elementor-open-inline\">\n\t\t\t<div class=\"elementor-video\"><\/div>\t\t<\/div>\n\t\t\t\t\t\t<\/div>\n\t\t\t\t<\/div>\n\t\t\t\t<div class=\"elementor-element elementor-element-453bb0a elementor-widget elementor-widget-video\" data-id=\"453bb0a\" data-element_type=\"widget\" data-e-type=\"widget\" data-settings=\"{&quot;youtube_url&quot;:&quot;https:\\\/\\\/youtu.be\\\/G-0a_OmGIxo&quot;,&quot;video_type&quot;:&quot;youtube&quot;,&quot;controls&quot;:&quot;yes&quot;}\" data-widget_type=\"video.default\">\n\t\t\t\t<div class=\"elementor-widget-container\">\n\t\t\t\t\t\t\t<div class=\"elementor-wrapper elementor-open-inline\">\n\t\t\t<div class=\"elementor-video\"><\/div>\t\t<\/div>\n\t\t\t\t\t\t<\/div>\n\t\t\t\t<\/div>\n\t\t\t\t<div class=\"elementor-element elementor-element-8ac5c99 elementor-widget elementor-widget-video\" data-id=\"8ac5c99\" data-element_type=\"widget\" data-e-type=\"widget\" data-settings=\"{&quot;youtube_url&quot;:&quot;https:\\\/\\\/youtu.be\\\/-3Vzpty2584&quot;,&quot;video_type&quot;:&quot;youtube&quot;,&quot;controls&quot;:&quot;yes&quot;}\" data-widget_type=\"video.default\">\n\t\t\t\t<div class=\"elementor-widget-container\">\n\t\t\t\t\t\t\t<div class=\"elementor-wrapper elementor-open-inline\">\n\t\t\t<div class=\"elementor-video\"><\/div>\t\t<\/div>\n\t\t\t\t\t\t<\/div>\n\t\t\t\t<\/div>\n\t\t\t\t<div class=\"elementor-element elementor-element-b8e5e49 elementor-widget elementor-widget-video\" data-id=\"b8e5e49\" data-element_type=\"widget\" data-e-type=\"widget\" data-settings=\"{&quot;youtube_url&quot;:&quot;https:\\\/\\\/youtu.be\\\/8JXCiTWVEoU&quot;,&quot;video_type&quot;:&quot;youtube&quot;,&quot;controls&quot;:&quot;yes&quot;}\" data-widget_type=\"video.default\">\n\t\t\t\t<div class=\"elementor-widget-container\">\n\t\t\t\t\t\t\t<div class=\"elementor-wrapper elementor-open-inline\">\n\t\t\t<div class=\"elementor-video\"><\/div>\t\t<\/div>\n\t\t\t\t\t\t<\/div>\n\t\t\t\t<\/div>\n\t\t\t\t<div class=\"elementor-element elementor-element-9926727 elementor-widget elementor-widget-video\" data-id=\"9926727\" data-element_type=\"widget\" data-e-type=\"widget\" data-settings=\"{&quot;youtube_url&quot;:&quot;https:\\\/\\\/www.youtube.com\\\/watch?v=C1gMPvrYzwQ&quot;,&quot;video_type&quot;:&quot;youtube&quot;,&quot;controls&quot;:&quot;yes&quot;}\" data-widget_type=\"video.default\">\n\t\t\t\t<div class=\"elementor-widget-container\">\n\t\t\t\t\t\t\t<div class=\"elementor-wrapper elementor-open-inline\">\n\t\t\t<div class=\"elementor-video\"><\/div>\t\t<\/div>\n\t\t\t\t\t\t<\/div>\n\t\t\t\t<\/div>\n\t\t\t\t\t<\/div>\n\t\t\t\t<\/div>\n\t\t<div class=\"elementor-element elementor-element-7bd34e8 e-flex e-con-boxed e-con e-parent\" data-id=\"7bd34e8\" data-element_type=\"container\" data-e-type=\"container\">\n\t\t\t\t\t<div class=\"e-con-inner\">\n\t\t\t\t<div class=\"elementor-element elementor-element-040f926 elementor-button-align-stretch elementor-widget elementor-widget-global elementor-global-12374 elementor-widget-form\" data-id=\"040f926\" data-element_type=\"widget\" data-e-type=\"widget\" data-settings=\"{&quot;step_next_label&quot;:&quot;Next&quot;,&quot;step_previous_label&quot;:&quot;Previous&quot;,&quot;button_width&quot;:&quot;100&quot;,&quot;step_type&quot;:&quot;number_text&quot;,&quot;step_icon_shape&quot;:&quot;circle&quot;}\" data-widget_type=\"form.default\">\n\t\t\t\t<div class=\"elementor-widget-container\">\n\t\t\t\t\t\t\t<form class=\"elementor-form\" method=\"post\" name=\"New Form\" aria-label=\"Nowy formularz\" action=\"\">\n\t\t\t<input type=\"hidden\" name=\"post_id\" value=\"13121\"\/>\n\t\t\t<input type=\"hidden\" name=\"form_id\" value=\"040f926\"\/>\n\t\t\t<input type=\"hidden\" name=\"referer_title\" value=\"HyMon Hydraulics\" \/>\n\n\t\t\t\n\t\t\t<div class=\"elementor-form-fields-wrapper elementor-labels-above\">\n\t\t\t\t\t\t\t\t<div class=\"elementor-field-type-text elementor-field-group elementor-column elementor-field-group-name elementor-col-100 elementor-field-required elementor-mark-required\">\n\t\t\t\t\t\t\t\t\t\t\t\t<label for=\"form-field-name\" class=\"elementor-field-label\">\n\t\t\t\t\t\t\t\tNazwa\t\t\t\t\t\t\t<\/label>\n\t\t\t\t\t\t\t\t\t\t\t\t\t\t<input size=\"1\" type=\"text\" name=\"form_fields[name]\" id=\"form-field-name\" class=\"elementor-field elementor-size-md  elementor-field-textual\" required=\"required\">\n\t\t\t\t\t\t\t\t\t\t\t<\/div>\n\t\t\t\t\t\t\t\t<div class=\"elementor-field-type-email elementor-field-group elementor-column elementor-field-group-email elementor-col-100 elementor-field-required elementor-mark-required\">\n\t\t\t\t\t\t\t\t\t\t\t\t<label for=\"form-field-email\" class=\"elementor-field-label\">\n\t\t\t\t\t\t\t\tE-mail\t\t\t\t\t\t\t<\/label>\n\t\t\t\t\t\t\t\t\t\t\t\t\t\t<input size=\"1\" type=\"email\" name=\"form_fields[email]\" id=\"form-field-email\" class=\"elementor-field elementor-size-md  elementor-field-textual\" required=\"required\">\n\t\t\t\t\t\t\t\t\t\t\t<\/div>\n\t\t\t\t\t\t\t\t<div class=\"elementor-field-type-text elementor-field-group elementor-column elementor-field-group-field_d5aad89 elementor-col-100\">\n\t\t\t\t\t\t\t\t\t\t\t\t<label for=\"form-field-field_d5aad89\" class=\"elementor-field-label\">\n\t\t\t\t\t\t\t\tZapytanie i ilo\u015b\u0107\t\t\t\t\t\t\t<\/label>\n\t\t\t\t\t\t\t\t\t\t\t\t\t\t<input size=\"1\" type=\"text\" name=\"form_fields[field_d5aad89]\" id=\"form-field-field_d5aad89\" class=\"elementor-field elementor-size-md  elementor-field-textual\">\n\t\t\t\t\t\t\t\t\t\t\t<\/div>\n\t\t\t\t\t\t\t\t<div class=\"elementor-field-type-textarea elementor-field-group elementor-column elementor-field-group-message elementor-col-100 elementor-field-required elementor-mark-required\">\n\t\t\t\t\t\t\t\t\t\t\t\t<label for=\"form-field-message\" class=\"elementor-field-label\">\n\t\t\t\t\t\t\t\tOpowiedz nam troch\u0119 o swoim projekcie\t\t\t\t\t\t\t<\/label>\n\t\t\t\t\t\t<textarea class=\"elementor-field-textual elementor-field  elementor-size-md\" name=\"form_fields[message]\" id=\"form-field-message\" rows=\"8\" placeholder=\"Prosz\u0119 o przes\u0142anie jak najwi\u0119kszej ilo\u015bci informacji o alternatywnym sprz\u0119cie, np. ilo\u015bci, modelu #, cz\u0119\u015bci # itp.\" required=\"required\"><\/textarea>\t\t\t\t<\/div>\n\t\t\t\t\t\t\t\t<div class=\"elementor-field-type-recaptcha_v3 elementor-field-group elementor-column elementor-field-group-field_3d0ac2c elementor-col-100 recaptcha_v3-bottomright\">\n\t\t\t\t\t<div class=\"elementor-field\" id=\"form-field-field_3d0ac2c\"><div class=\"elementor-g-recaptcha\" data-sitekey=\"6Ld56OArAAAAAC4vfq6ELCUq6EbA1ayxu2rEbCiy\" data-type=\"v3\" data-action=\"Form\" data-badge=\"bottomright\" data-size=\"invisible\"><\/div><\/div>\t\t\t\t<\/div>\n\t\t\t\t\t\t\t\t<div class=\"elementor-field-group elementor-column elementor-field-type-submit elementor-col-100 e-form__buttons\">\n\t\t\t\t\t<button class=\"elementor-button elementor-size-lg\" type=\"submit\">\n\t\t\t\t\t\t<span class=\"elementor-button-content-wrapper\">\n\t\t\t\t\t\t\t\t\t\t\t\t\t\t\t\t\t\t\t\t\t\t<span class=\"elementor-button-text\">Sk\u0142ada\u0107<\/span>\n\t\t\t\t\t\t\t\t\t\t\t\t\t<\/span>\n\t\t\t\t\t<\/button>\n\t\t\t\t<\/div>\n\t\t\t<\/div>\n\t\t<input type=\"hidden\" name=\"trp-form-language\" value=\"pl\"\/><\/form>\n\t\t\t\t\t\t<\/div>\n\t\t\t\t<\/div>\n\t\t\t\t\t<\/div>\n\t\t\t\t<\/div>\n\t\t\t\t<\/div>","protected":false},"excerpt":{"rendered":"<p>Welcome HyMon Hydraulics. We provide high performance hydraulic vane pump (such as T6&amp;7, V20,SQP), hydraulic piston pump (such as PAVC, PV, PVplus, PVH, PVQ, A4VSO) , Gear pump (such as AZPF, PGH, GPC4,C101\/102), Industrial&amp;Mobile hydraulic valve (Z2FS, Z2FS6, WE6, WE10). As you see below, the advanced equipment and standard process ensure the products with awesome&hellip;<\/p>","protected":false},"author":1,"featured_media":0,"parent":0,"menu_order":4,"comment_status":"closed","ping_status":"closed","template":"elementor_header_footer","meta":{"footnotes":""},"class_list":["post-13121","page","type-page","status-publish","hentry"],"yoast_head":"<!-- This site is optimized with the Yoast SEO plugin v27.2 - https:\/\/yoast.com\/product\/yoast-seo-wordpress\/ -->\n<title>Videos | HyMon Hydraulics<\/title>\n<meta name=\"description\" content=\"HyMon supplies premium hydraulic pumps, motors, axial piston pumps, radial piston motors. Your trusted supplier partner. Contact us!\" \/>\n<meta name=\"robots\" content=\"index, follow, max-snippet:-1, max-image-preview:large, max-video-preview:-1\" \/>\n<link rel=\"canonical\" href=\"https:\/\/ihymon.com\/pl\/videos\/\" \/>\n<meta property=\"og:locale\" content=\"pl_PL\" \/>\n<meta property=\"og:type\" content=\"article\" \/>\n<meta property=\"og:title\" content=\"Videos | HyMon Hydraulics\" \/>\n<meta property=\"og:description\" content=\"HyMon supplies premium hydraulic pumps, motors, axial piston pumps, radial piston motors. Your trusted supplier partner. Contact us!\" \/>\n<meta property=\"og:url\" content=\"https:\/\/ihymon.com\/pl\/videos\/\" \/>\n<meta property=\"og:site_name\" content=\"HyMon Hydraulics\" \/>\n<meta property=\"article:modified_time\" content=\"2025-10-15T10:22:52+00:00\" \/>\n<meta name=\"twitter:card\" content=\"summary_large_image\" \/>\n<meta name=\"twitter:label1\" content=\"Szacowany czas czytania\" \/>\n\t<meta name=\"twitter:data1\" content=\"1 minuta\" \/>\n<script type=\"application\/ld+json\" class=\"yoast-schema-graph\">{\"@context\":\"https:\/\/schema.org\",\"@graph\":[{\"@type\":\"WebPage\",\"@id\":\"https:\/\/ihymon.com\/videos\/\",\"url\":\"https:\/\/ihymon.com\/videos\/\",\"name\":\"Videos | HyMon Hydraulics\",\"isPartOf\":{\"@id\":\"https:\/\/ihymon.com\/#website\"},\"datePublished\":\"2025-10-07T13:14:56+00:00\",\"dateModified\":\"2025-10-15T10:22:52+00:00\",\"description\":\"HyMon supplies premium hydraulic pumps, motors, axial piston pumps, radial piston motors. Your trusted supplier partner. Contact us!\",\"breadcrumb\":{\"@id\":\"https:\/\/ihymon.com\/videos\/#breadcrumb\"},\"inLanguage\":\"pl-PL\",\"potentialAction\":[{\"@type\":\"ReadAction\",\"target\":[\"https:\/\/ihymon.com\/videos\/\"]}]},{\"@type\":\"BreadcrumbList\",\"@id\":\"https:\/\/ihymon.com\/videos\/#breadcrumb\",\"itemListElement\":[{\"@type\":\"ListItem\",\"position\":1,\"name\":\"Home\",\"item\":\"https:\/\/ihymon.com\/\"},{\"@type\":\"ListItem\",\"position\":2,\"name\":\"Videos\"}]},{\"@type\":\"WebSite\",\"@id\":\"https:\/\/ihymon.com\/#website\",\"url\":\"https:\/\/ihymon.com\/\",\"name\":\"HyMon Hydraulics\",\"description\":\"\",\"publisher\":{\"@id\":\"https:\/\/ihymon.com\/#organization\"},\"potentialAction\":[{\"@type\":\"SearchAction\",\"target\":{\"@type\":\"EntryPoint\",\"urlTemplate\":\"https:\/\/ihymon.com\/?s={search_term_string}\"},\"query-input\":{\"@type\":\"PropertyValueSpecification\",\"valueRequired\":true,\"valueName\":\"search_term_string\"}}],\"inLanguage\":\"pl-PL\"},{\"@type\":\"Organization\",\"@id\":\"https:\/\/ihymon.com\/#organization\",\"name\":\"HyMon Hydraulics\",\"url\":\"https:\/\/ihymon.com\/\",\"logo\":{\"@type\":\"ImageObject\",\"inLanguage\":\"pl-PL\",\"@id\":\"https:\/\/ihymon.com\/#\/schema\/logo\/image\/\",\"url\":\"https:\/\/ihymon.com\/wp-content\/uploads\/2024\/10\/2.png\",\"contentUrl\":\"https:\/\/ihymon.com\/wp-content\/uploads\/2024\/10\/2.png\",\"width\":400,\"height\":80,\"caption\":\"HyMon Hydraulics\"},\"image\":{\"@id\":\"https:\/\/ihymon.com\/#\/schema\/logo\/image\/\"}}]}<\/script>\n<!-- \/ Yoast SEO plugin. -->","yoast_head_json":{"title":"Videos | HyMon Hydraulics","description":"HyMon supplies premium hydraulic pumps, motors, axial piston pumps, radial piston motors. Your trusted supplier partner. Contact us!","robots":{"index":"index","follow":"follow","max-snippet":"max-snippet:-1","max-image-preview":"max-image-preview:large","max-video-preview":"max-video-preview:-1"},"canonical":"https:\/\/ihymon.com\/pl\/videos\/","og_locale":"pl_PL","og_type":"article","og_title":"Videos | HyMon Hydraulics","og_description":"HyMon supplies premium hydraulic pumps, motors, axial piston pumps, radial piston motors. Your trusted supplier partner. Contact us!","og_url":"https:\/\/ihymon.com\/pl\/videos\/","og_site_name":"HyMon Hydraulics","article_modified_time":"2025-10-15T10:22:52+00:00","twitter_card":"summary_large_image","twitter_misc":{"Szacowany czas czytania":"1 minuta"},"schema":{"@context":"https:\/\/schema.org","@graph":[{"@type":"WebPage","@id":"https:\/\/ihymon.com\/videos\/","url":"https:\/\/ihymon.com\/videos\/","name":"Videos | HyMon Hydraulics","isPartOf":{"@id":"https:\/\/ihymon.com\/#website"},"datePublished":"2025-10-07T13:14:56+00:00","dateModified":"2025-10-15T10:22:52+00:00","description":"HyMon supplies premium hydraulic pumps, motors, axial piston pumps, radial piston motors. Your trusted supplier partner. Contact us!","breadcrumb":{"@id":"https:\/\/ihymon.com\/videos\/#breadcrumb"},"inLanguage":"pl-PL","potentialAction":[{"@type":"ReadAction","target":["https:\/\/ihymon.com\/videos\/"]}]},{"@type":"BreadcrumbList","@id":"https:\/\/ihymon.com\/videos\/#breadcrumb","itemListElement":[{"@type":"ListItem","position":1,"name":"Home","item":"https:\/\/ihymon.com\/"},{"@type":"ListItem","position":2,"name":"Videos"}]},{"@type":"WebSite","@id":"https:\/\/ihymon.com\/#website","url":"https:\/\/ihymon.com\/","name":"HyMon Hydraulics","description":"","publisher":{"@id":"https:\/\/ihymon.com\/#organization"},"potentialAction":[{"@type":"SearchAction","target":{"@type":"EntryPoint","urlTemplate":"https:\/\/ihymon.com\/?s={search_term_string}"},"query-input":{"@type":"PropertyValueSpecification","valueRequired":true,"valueName":"search_term_string"}}],"inLanguage":"pl-PL"},{"@type":"Organization","@id":"https:\/\/ihymon.com\/#organization","name":"HyMon Hydraulics","url":"https:\/\/ihymon.com\/","logo":{"@type":"ImageObject","inLanguage":"pl-PL","@id":"https:\/\/ihymon.com\/#\/schema\/logo\/image\/","url":"https:\/\/ihymon.com\/wp-content\/uploads\/2024\/10\/2.png","contentUrl":"https:\/\/ihymon.com\/wp-content\/uploads\/2024\/10\/2.png","width":400,"height":80,"caption":"HyMon Hydraulics"},"image":{"@id":"https:\/\/ihymon.com\/#\/schema\/logo\/image\/"}}]}},"_links":{"self":[{"href":"https:\/\/ihymon.com\/pl\/wp-json\/wp\/v2\/pages\/13121","targetHints":{"allow":["GET"]}}],"collection":[{"href":"https:\/\/ihymon.com\/pl\/wp-json\/wp\/v2\/pages"}],"about":[{"href":"https:\/\/ihymon.com\/pl\/wp-json\/wp\/v2\/types\/page"}],"author":[{"embeddable":true,"href":"https:\/\/ihymon.com\/pl\/wp-json\/wp\/v2\/users\/1"}],"replies":[{"embeddable":true,"href":"https:\/\/ihymon.com\/pl\/wp-json\/wp\/v2\/comments?post=13121"}],"version-history":[{"count":4,"href":"https:\/\/ihymon.com\/pl\/wp-json\/wp\/v2\/pages\/13121\/revisions"}],"predecessor-version":[{"id":13125,"href":"https:\/\/ihymon.com\/pl\/wp-json\/wp\/v2\/pages\/13121\/revisions\/13125"}],"wp:attachment":[{"href":"https:\/\/ihymon.com\/pl\/wp-json\/wp\/v2\/media?parent=13121"}],"curies":[{"name":"wp","href":"https:\/\/api.w.org\/{rel}","templated":true}]}}