{"id":11,"date":"2020-04-07T13:59:00","date_gmt":"2020-04-07T13:59:00","guid":{"rendered":"https:\/\/the7.io\/business-advisors\/?page_id=11"},"modified":"2025-10-15T18:21:28","modified_gmt":"2025-10-15T10:21:28","slug":"blog","status":"publish","type":"page","link":"https:\/\/ihymon.com\/pl\/blog\/","title":{"rendered":"Aktualno\u015bci"},"content":{"rendered":"<div data-elementor-type=\"wp-page\" data-elementor-id=\"11\" class=\"elementor elementor-11\" data-elementor-post-type=\"page\">\n\t\t\t\t<div class=\"elementor-element elementor-element-93f6516 e-flex e-con-boxed e-con e-parent\" data-id=\"93f6516\" data-element_type=\"container\" data-e-type=\"container\" data-settings=\"{&quot;background_background&quot;:&quot;gradient&quot;}\">\n\t\t\t\t\t<div class=\"e-con-inner\">\n\t\t<div class=\"elementor-element elementor-element-566dcbc e-con-full e-flex e-con e-child\" data-id=\"566dcbc\" data-element_type=\"container\" data-e-type=\"container\" data-settings=\"{&quot;background_background&quot;:&quot;classic&quot;}\">\n\t\t\t\t<div class=\"elementor-element elementor-element-2413f6d elementor-widget elementor-widget-heading\" data-id=\"2413f6d\" data-element_type=\"widget\" data-e-type=\"widget\" data-widget_type=\"heading.default\">\n\t\t\t\t<div class=\"elementor-widget-container\">\n\t\t\t\t\t<h1 class=\"elementor-heading-title elementor-size-default\">Blog<\/h1>\t\t\t\t<\/div>\n\t\t\t\t<\/div>\n\t\t\t\t<div class=\"elementor-element elementor-element-2ba425d img-align-mobile-top image-vertical-align-center image-vertical-align-tablet-start img-align-top icon-box-vertical-align-top preserve-img-ratio-cover slide-h-position-left elementor-widget elementor-widget-the7-elements-simple-posts\" data-id=\"2ba425d\" data-element_type=\"widget\" data-e-type=\"widget\" data-widget_type=\"the7-elements-simple-posts.default\">\n\t\t\t\t<div class=\"elementor-widget-container\">\n\t\t\t\t\t<div class=\"the7-simple-widget-posts the7-elementor-widget the7-elements-simple-posts-2ba425d\" data-post-limit=\"-1\" data-pagination-mode=\"standard\" data-scroll-offset=\"\">\t\t\t<div class=\"dt-css-grid custom-pagination-handler\" data-columns=\"{&quot;d&quot;:3,&quot;t&quot;:2,&quot;p&quot;:1,&quot;wd&quot;:&quot;&quot;}\">\n\t\t\t\t\t\t\t\t\t<div class=\"wf-cell visible\">\n\t\t\t\t\t\t<article class=\"post visible wrapper post-13417 type-post status-publish format-standard has-post-thumbnail hentry category-construction-machinery\">\n\n\t\t\t\t\t\t\t<div class=\"post-content-wrapper\">\n\t\t\t\t\t\t\t\t\t\t\t\t\t\t\t\t\t<div class=\"the7-simple-post-thumb\">\n\t\t\t\t\t\t\t\t\t\t<a class=\"post-thumbnail-rollover layzr-bg img-css-resize-wrapper\" aria-label=\"Post image\" href=\"https:\/\/ihymon.com\/pl\/ms-series-piston-hydraulic-motors-for-construction-machinery-hymon-hydraulics\/\"><img fetchpriority=\"high\" decoding=\"async\" width=\"600\" height=\"600\" src=\"data:image\/svg+xml,%3Csvg%20xmlns%3D&#039;http%3A%2F%2Fwww.w3.org%2F2000%2Fsvg&#039;%20viewBox%3D&#039;0%200%20600%20600&#039;%2F%3E\" class=\"attachment-full size-full preload-me aspect lazy lazy-load\" alt=\"MS MSE Series Piston Radial Motor Replace Poclain\" sizes=\"(max-width: 600px) 100vw, 600px\" style=\"--ratio: 600 \/ 600;\" data-src=\"https:\/\/ihymon.com\/wp-content\/uploads\/2025\/10\/MS-MSE-Series-Piston-Radial-Motor-Replace-Poclain.jpg\" loading=\"eager\" data-srcset=\"https:\/\/ihymon.com\/wp-content\/uploads\/2025\/10\/MS-MSE-Series-Piston-Radial-Motor-Replace-Poclain.jpg 600w, https:\/\/ihymon.com\/wp-content\/uploads\/2025\/10\/MS-MSE-Series-Piston-Radial-Motor-Replace-Poclain-300x300.jpg 300w, https:\/\/ihymon.com\/wp-content\/uploads\/2025\/10\/MS-MSE-Series-Piston-Radial-Motor-Replace-Poclain-150x150.jpg 150w\" \/><span class=\"the7-hover-icon\"><\/span><\/a>\t\t\t\t\t\t\t\t\t<\/div>\n\t\t\t\t\t\t\t\t\t\t\t\t\t\t\t\t<div class=\"post-entry-content\">\n\t\t\t\t\t\t\t\t\t<h5 class=\"heading\"><a href=\"https:\/\/ihymon.com\/pl\/ms-series-piston-hydraulic-motors-for-construction-machinery-hymon-hydraulics\/\" rel=\"bookmark\" title=\"Silniki hydrauliczne t\u0142okowe serii MS do maszyn budowlanych | Hymon Hydraulics\" class=\"post-title\">Silniki hydrauliczne t\u0142okowe serii MS do maszyn budowlanych | Hymon Hydraulics<\/a><\/h5><p class=\"short-description\">The MS Series piston motors, ranging from MS02 to MS250, are widely recognized for their robust design, high torque output, and reliability, making them ideal for both medium and heavy-duty construction&hellip;<\/p>\t\t\t\t\t\t\t\t<\/div>\n\t\t\t\t\t\t\t<\/div>\n\t\t\t\t\t\t<\/article>\n\t\t\t\t\t<\/div>\t\t\t\t\t\t\t\t\t\t<div class=\"wf-cell visible\">\n\t\t\t\t\t\t<article class=\"post visible wrapper post-13399 type-post status-publish format-standard has-post-thumbnail hentry category-marine-equipment\">\n\n\t\t\t\t\t\t\t<div class=\"post-content-wrapper\">\n\t\t\t\t\t\t\t\t\t\t\t\t\t\t\t\t\t<div class=\"the7-simple-post-thumb\">\n\t\t\t\t\t\t\t\t\t\t<a class=\"post-thumbnail-rollover layzr-bg img-css-resize-wrapper\" aria-label=\"Post image\" href=\"https:\/\/ihymon.com\/pl\/omp-hydraulic-motors-for-marine-equipment-hydraulic-steering-systems-hymon-hydraulics\/\"><img decoding=\"async\" width=\"553\" height=\"553\" src=\"data:image\/svg+xml,%3Csvg%20xmlns%3D&#039;http%3A%2F%2Fwww.w3.org%2F2000%2Fsvg&#039;%20viewBox%3D&#039;0%200%20553%20553&#039;%2F%3E\" class=\"attachment-full size-full preload-me aspect lazy lazy-load\" alt=\"omp motor\" sizes=\"(max-width: 553px) 100vw, 553px\" style=\"--ratio: 553 \/ 553;\" data-src=\"https:\/\/ihymon.com\/wp-content\/uploads\/2025\/10\/omp-motor.jpg\" loading=\"eager\" data-srcset=\"https:\/\/ihymon.com\/wp-content\/uploads\/2025\/10\/omp-motor.jpg 553w, https:\/\/ihymon.com\/wp-content\/uploads\/2025\/10\/omp-motor-300x300.jpg 300w, https:\/\/ihymon.com\/wp-content\/uploads\/2025\/10\/omp-motor-150x150.jpg 150w\" \/><span class=\"the7-hover-icon\"><\/span><\/a>\t\t\t\t\t\t\t\t\t<\/div>\n\t\t\t\t\t\t\t\t\t\t\t\t\t\t\t\t<div class=\"post-entry-content\">\n\t\t\t\t\t\t\t\t\t<h5 class=\"heading\"><a href=\"https:\/\/ihymon.com\/pl\/omp-hydraulic-motors-for-marine-equipment-hydraulic-steering-systems-hymon-hydraulics\/\" rel=\"bookmark\" title=\"Silniki hydrauliczne OMP do sprz\u0119tu morskiego i hydraulicznych uk\u0142ad\u00f3w sterowania | Hymon Hydraulics\" class=\"post-title\">Silniki hydrauliczne OMP do sprz\u0119tu morskiego i hydraulicznych uk\u0142ad\u00f3w sterowania | Hymon Hydraulics<\/a><\/h5><p class=\"short-description\">In the marine industry, reliable and efficient hydraulic systems are essential for both safety and operational performance. Whether it\u2019s steering a vessel, operating deck machinery, or powering auxiliary systems, the demand&hellip;<\/p>\t\t\t\t\t\t\t\t<\/div>\n\t\t\t\t\t\t\t<\/div>\n\t\t\t\t\t\t<\/article>\n\t\t\t\t\t<\/div>\t\t\t\t\t\t\t\t\t\t<div class=\"wf-cell visible\">\n\t\t\t\t\t\t<article class=\"post visible wrapper post-13189 type-post status-publish format-standard has-post-thumbnail hentry category-industrial-equipment\">\n\n\t\t\t\t\t\t\t<div class=\"post-content-wrapper\">\n\t\t\t\t\t\t\t\t\t\t\t\t\t\t\t\t\t<div class=\"the7-simple-post-thumb\">\n\t\t\t\t\t\t\t\t\t\t<a class=\"post-thumbnail-rollover layzr-bg img-css-resize-wrapper\" aria-label=\"Post image\" href=\"https:\/\/ihymon.com\/pl\/high-performance-a10vso-a4vso-pumps-for-industrial-equipment-hymon-hydraulics\/\"><img decoding=\"async\" width=\"588\" height=\"588\" src=\"data:image\/svg+xml,%3Csvg%20xmlns%3D&#039;http%3A%2F%2Fwww.w3.org%2F2000%2Fsvg&#039;%20viewBox%3D&#039;0%200%20588%20588&#039;%2F%3E\" class=\"attachment-full size-full preload-me aspect lazy lazy-load\" alt=\"A10VSO10\" sizes=\"(max-width: 588px) 100vw, 588px\" style=\"--ratio: 588 \/ 588;\" data-src=\"https:\/\/ihymon.com\/wp-content\/uploads\/2025\/10\/A10VSO10.jpg\" loading=\"eager\" data-srcset=\"https:\/\/ihymon.com\/wp-content\/uploads\/2025\/10\/A10VSO10.jpg 588w, https:\/\/ihymon.com\/wp-content\/uploads\/2025\/10\/A10VSO10-300x300.jpg 300w, https:\/\/ihymon.com\/wp-content\/uploads\/2025\/10\/A10VSO10-150x150.jpg 150w\" \/><span class=\"the7-hover-icon\"><\/span><\/a>\t\t\t\t\t\t\t\t\t<\/div>\n\t\t\t\t\t\t\t\t\t\t\t\t\t\t\t\t<div class=\"post-entry-content\">\n\t\t\t\t\t\t\t\t\t<h5 class=\"heading\"><a href=\"https:\/\/ihymon.com\/pl\/high-performance-a10vso-a4vso-pumps-for-industrial-equipment-hymon-hydraulics\/\" rel=\"bookmark\" title=\"Wysokowydajne pompy A10VSO i A4VSO do urz\u0105dze\u0144 przemys\u0142owych | Hymon Hydraulics\" class=\"post-title\">Wysokowydajne pompy A10VSO i A4VSO do urz\u0105dze\u0144 przemys\u0142owych | Hymon Hydraulics<\/a><\/h5><p class=\"short-description\">In today\u2019s fast-paced industrial world, machinery performance depends heavily on reliable and efficient hydraulic systems. At Hymon Hydraulics, we specialize in supplying high-performance hydraulic pumps, including the renowned A10VSO and A4VSO&hellip;<\/p>\t\t\t\t\t\t\t\t<\/div>\n\t\t\t\t\t\t\t<\/div>\n\t\t\t\t\t\t<\/article>\n\t\t\t\t\t<\/div>\t\t\t\t\t\t\t\t\t\t<div class=\"wf-cell visible\">\n\t\t\t\t\t\t<article class=\"post visible wrapper post-13183 type-post status-publish format-standard has-post-thumbnail hentry category-hydraulic-pump-and-motor\">\n\n\t\t\t\t\t\t\t<div class=\"post-content-wrapper\">\n\t\t\t\t\t\t\t\t\t\t\t\t\t\t\t\t\t<div class=\"the7-simple-post-thumb\">\n\t\t\t\t\t\t\t\t\t\t<a class=\"post-thumbnail-rollover layzr-bg img-css-resize-wrapper\" aria-label=\"Post image\" href=\"https:\/\/ihymon.com\/pl\/replacement-pump-spare-parts\/\"><img decoding=\"async\" width=\"600\" height=\"600\" src=\"data:image\/svg+xml,%3Csvg%20xmlns%3D&#039;http%3A%2F%2Fwww.w3.org%2F2000%2Fsvg&#039;%20viewBox%3D&#039;0%200%20600%20600&#039;%2F%3E\" class=\"attachment-full size-full preload-me aspect lazy lazy-load\" alt=\"vane pump piston pump parts 2\" sizes=\"(max-width: 600px) 100vw, 600px\" style=\"--ratio: 600 \/ 600;\" data-src=\"https:\/\/ihymon.com\/wp-content\/uploads\/2025\/10\/vane-pump-piston-pump-parts-2.jpg\" loading=\"eager\" data-srcset=\"https:\/\/ihymon.com\/wp-content\/uploads\/2025\/10\/vane-pump-piston-pump-parts-2.jpg 600w, https:\/\/ihymon.com\/wp-content\/uploads\/2025\/10\/vane-pump-piston-pump-parts-2-300x300.jpg 300w, https:\/\/ihymon.com\/wp-content\/uploads\/2025\/10\/vane-pump-piston-pump-parts-2-150x150.jpg 150w\" \/><span class=\"the7-hover-icon\"><\/span><\/a>\t\t\t\t\t\t\t\t\t<\/div>\n\t\t\t\t\t\t\t\t\t\t\t\t\t\t\t\t<div class=\"post-entry-content\">\n\t\t\t\t\t\t\t\t\t<h5 class=\"heading\"><a href=\"https:\/\/ihymon.com\/pl\/replacement-pump-spare-parts\/\" rel=\"bookmark\" title=\"Cz\u0119\u015bci zamienne do pomp hydraulicznych\" class=\"post-title\">Cz\u0119\u015bci zamienne do pomp hydraulicznych<\/a><\/h5><p class=\"short-description\">Hydraulic spare parts, complete hydraulic vane pumps, hydraulic piston pumps 100% replacement for the leading brand. We have sold quality OEM parts to more than 50 countries. With decades of experience&hellip;<\/p>\t\t\t\t\t\t\t\t<\/div>\n\t\t\t\t\t\t\t<\/div>\n\t\t\t\t\t\t<\/article>\n\t\t\t\t\t<\/div>\t\t\t\t\t\t\t\t\t\t<div class=\"wf-cell visible\">\n\t\t\t\t\t\t<article class=\"post visible wrapper post-13173 type-post status-publish format-standard has-post-thumbnail hentry category-hydraulic-pump-and-motor\">\n\n\t\t\t\t\t\t\t<div class=\"post-content-wrapper\">\n\t\t\t\t\t\t\t\t\t\t\t\t\t\t\t\t\t<div class=\"the7-simple-post-thumb\">\n\t\t\t\t\t\t\t\t\t\t<a class=\"post-thumbnail-rollover layzr-bg img-css-resize-wrapper\" aria-label=\"Post image\" href=\"https:\/\/ihymon.com\/pl\/solenoid-directional-valve-of-rexroth-vickers-yuken-model-replacement\/\"><img decoding=\"async\" width=\"600\" height=\"600\" src=\"data:image\/svg+xml,%3Csvg%20xmlns%3D&#039;http%3A%2F%2Fwww.w3.org%2F2000%2Fsvg&#039;%20viewBox%3D&#039;0%200%20600%20600&#039;%2F%3E\" class=\"attachment-full size-full preload-me aspect lazy lazy-load\" alt=\"4WE Series Rexroth Hydraulic Proportional Solenoid ValveFor Deluge And Preaction Systems 1\" sizes=\"(max-width: 600px) 100vw, 600px\" style=\"--ratio: 600 \/ 600;\" data-src=\"https:\/\/ihymon.com\/wp-content\/uploads\/2025\/10\/4WE-Series-Rexroth-Hydraulic-Proportional-Solenoid-ValveFor-Deluge-And-Preaction-Systems-1.png\" loading=\"eager\" data-srcset=\"https:\/\/ihymon.com\/wp-content\/uploads\/2025\/10\/4WE-Series-Rexroth-Hydraulic-Proportional-Solenoid-ValveFor-Deluge-And-Preaction-Systems-1.png 600w, https:\/\/ihymon.com\/wp-content\/uploads\/2025\/10\/4WE-Series-Rexroth-Hydraulic-Proportional-Solenoid-ValveFor-Deluge-And-Preaction-Systems-1-300x300.png 300w, https:\/\/ihymon.com\/wp-content\/uploads\/2025\/10\/4WE-Series-Rexroth-Hydraulic-Proportional-Solenoid-ValveFor-Deluge-And-Preaction-Systems-1-150x150.png 150w\" \/><span class=\"the7-hover-icon\"><\/span><\/a>\t\t\t\t\t\t\t\t\t<\/div>\n\t\t\t\t\t\t\t\t\t\t\t\t\t\t\t\t<div class=\"post-entry-content\">\n\t\t\t\t\t\t\t\t\t<h5 class=\"heading\"><a href=\"https:\/\/ihymon.com\/pl\/solenoid-directional-valve-of-rexroth-vickers-yuken-model-replacement\/\" rel=\"bookmark\" title=\"Zaw\u00f3r elektromagnetyczny kierunkowy Rexroth Vickers Yuken Model Replacement\" class=\"post-title\">Zaw\u00f3r elektromagnetyczny kierunkowy Rexroth Vickers Yuken Model Replacement<\/a><\/h5><p class=\"short-description\">YUKEN REXROTH VICKERS DSG-01-3C2 \u00a04WE6E51 \u00a0DG4V-3-2C \u00a0DSG-01-3C3 \u00a04WE6H51 \u00a0DG4V-3-OC \u00a0DSG-01-3C3 \u00a04WE6J51 \u00a0DG4V-3-6C \u00a0DSG-01-3C40 \u00a04WE6Q51 \u00a0DG4V-3-33C \u00a0DSG-01-3C60 \u00a04WE6G51 \u00a0DG4V-3-8C \u00a0DSG-01-3C9 \u00a04WE6M51 \u00a0DG4V-3-7C \u00a0DSG-01-3C10 \u00a04WE6U51 \u00a0DG4V-3-31C \u00a0DSG-01-3C12 \u00a04WE6L51 \u00a0DG4V-3-3C \u00a0DSG-01-2B2 \u00a04WE6D51 \u00a0DG4V-3-2A \u00a0DSG-01-2B3&hellip;<\/p>\t\t\t\t\t\t\t\t<\/div>\n\t\t\t\t\t\t\t<\/div>\n\t\t\t\t\t\t<\/article>\n\t\t\t\t\t<\/div>\t\t\t\t\t\t\t\t\t\t<div class=\"wf-cell visible\">\n\t\t\t\t\t\t<article class=\"post visible wrapper post-13169 type-post status-publish format-standard has-post-thumbnail hentry category-hydraulic-pump-and-motor\">\n\n\t\t\t\t\t\t\t<div class=\"post-content-wrapper\">\n\t\t\t\t\t\t\t\t\t\t\t\t\t\t\t\t\t<div class=\"the7-simple-post-thumb\">\n\t\t\t\t\t\t\t\t\t\t<a class=\"post-thumbnail-rollover layzr-bg img-css-resize-wrapper\" aria-label=\"Post image\" href=\"https:\/\/ihymon.com\/pl\/solenoid-directional-valve-replacement\/\"><img decoding=\"async\" width=\"600\" height=\"598\" src=\"data:image\/svg+xml,%3Csvg%20xmlns%3D&#039;http%3A%2F%2Fwww.w3.org%2F2000%2Fsvg&#039;%20viewBox%3D&#039;0%200%20600%20598&#039;%2F%3E\" class=\"attachment-full size-full preload-me aspect lazy lazy-load\" alt=\"4WE6 4WE10 Rexroth solenoid valve\" sizes=\"(max-width: 600px) 100vw, 600px\" style=\"--ratio: 600 \/ 598;\" data-src=\"https:\/\/ihymon.com\/wp-content\/uploads\/2025\/10\/4WE6-4WE10-Rexroth-solenoid-valve.jpg\" loading=\"eager\" data-srcset=\"https:\/\/ihymon.com\/wp-content\/uploads\/2025\/10\/4WE6-4WE10-Rexroth-solenoid-valve.jpg 600w, https:\/\/ihymon.com\/wp-content\/uploads\/2025\/10\/4WE6-4WE10-Rexroth-solenoid-valve-300x300.jpg 300w, https:\/\/ihymon.com\/wp-content\/uploads\/2025\/10\/4WE6-4WE10-Rexroth-solenoid-valve-150x150.jpg 150w\" \/><span class=\"the7-hover-icon\"><\/span><\/a>\t\t\t\t\t\t\t\t\t<\/div>\n\t\t\t\t\t\t\t\t\t\t\t\t\t\t\t\t<div class=\"post-entry-content\">\n\t\t\t\t\t\t\t\t\t<h5 class=\"heading\"><a href=\"https:\/\/ihymon.com\/pl\/solenoid-directional-valve-replacement\/\" rel=\"bookmark\" title=\"Wymiana elektrozaworu kierunkowego\" class=\"post-title\">Wymiana elektrozaworu kierunkowego<\/a><\/h5><p class=\"short-description\">YUKEN REXROTH VICKERS DSG-03-3C2 \u00a04WE10E21 \u00a0DG4V-5-2C \u00a0DSG-03-3C3 \u00a04WE10H21 \u00a0DG4V-5-OC \u00a0DSG-03-3C3 \u00a04WE106J21 \u00a0DG4V-5-6C \u00a0DSG-03-3C40 \u00a04WE10Q21 \u00a0DG4V-5-33C \u00a0DSG-03-3C60 \u00a04WE10G21 \u00a0DG4V-5-8C \u00a0DSG-03-3C9 \u00a04WE10M21 \u00a0DG4V-5-7C \u00a0DSG-03-3C12 \u00a04WE10L21 \u00a0DG4V-5-3C \u00a0DSG-03-2B2 \u00a04WE10D21 \u00a0DG4V-5-2A \u00a0DSG-03-2B3 \u00a04WE10C21 \u00a0DG4V-5-OA \u00a0DSG-03-2B8&hellip;<\/p>\t\t\t\t\t\t\t\t<\/div>\n\t\t\t\t\t\t\t<\/div>\n\t\t\t\t\t\t<\/article>\n\t\t\t\t\t<\/div>\t\t\t\t\t\t\t\t<\/div>\n\t\t<div class=\"paginator filter-decorations filter-pointer-underline filter-animation-fade\" role=\"navigation\"><a href=\"https:\/\/ihymon.com\/pl\/wp-json\/wp\/v2\/pages\/11\/\" class=\"page-numbers filter-item act\" data-page-num=\"1\">1<\/a><a href=\"https:\/\/ihymon.com\/pl\/wp-json\/wp\/v2\/pages\/11\/page\/2\/\" class=\"page-numbers filter-item\" data-page-num=\"2\">2<\/a><a href=\"https:\/\/ihymon.com\/pl\/wp-json\/wp\/v2\/pages\/11\/page\/2\/\" class=\"page-numbers nav-next filter-item\" data-page-num=\"2\" >\u2192<\/a><\/div><\/div>\t\t\t\t<\/div>\n\t\t\t\t<\/div>\n\t\t\t\t<\/div>\n\t\t\t\t\t<\/div>\n\t\t\t\t<\/div>\n\t\t\t\t<\/div>","protected":false},"excerpt":{"rendered":"<p>Blog High-Performance A10VSO &#038; A4VSO Pumps for Industrial Equipment | Hymon Hydraulics In today\u2019s fast-paced industrial world, machinery performance depends heavily on reliable and efficient hydraulic systems. At Hymon Hydraulics, we specialize in supplying high-performance hydraulic pumps, including the renowned A10VSO and A4VSO&hellip; Hydraulic Pump Spare Parts Hydraulic spare parts, complete hydraulic vane pumps, hydraulic&hellip;<\/p>","protected":false},"author":1,"featured_media":0,"parent":0,"menu_order":18,"comment_status":"closed","ping_status":"closed","template":"elementor_header_footer","meta":{"footnotes":""},"class_list":["post-11","page","type-page","status-publish","hentry"],"yoast_head":"<!-- This site is optimized with the Yoast SEO plugin v27.2 - https:\/\/yoast.com\/product\/yoast-seo-wordpress\/ -->\n<title>News | HyMon Hydraulics<\/title>\n<meta name=\"description\" content=\"HyMon supplies premium hydraulic pumps, motors, axial piston pumps, radial piston motors. Your trusted supplier partner. Contact us!\" \/>\n<meta name=\"robots\" content=\"index, follow, max-snippet:-1, max-image-preview:large, max-video-preview:-1\" \/>\n<link rel=\"canonical\" href=\"https:\/\/ihymon.com\/pl\/blog\/\" \/>\n<meta property=\"og:locale\" content=\"pl_PL\" \/>\n<meta property=\"og:type\" content=\"article\" \/>\n<meta property=\"og:title\" content=\"News | HyMon Hydraulics\" \/>\n<meta property=\"og:description\" content=\"HyMon supplies premium hydraulic pumps, motors, axial piston pumps, radial piston motors. Your trusted supplier partner. Contact us!\" \/>\n<meta property=\"og:url\" content=\"https:\/\/ihymon.com\/pl\/blog\/\" \/>\n<meta property=\"og:site_name\" content=\"HyMon Hydraulics\" \/>\n<meta property=\"article:modified_time\" content=\"2025-10-15T10:21:28+00:00\" \/>\n<meta name=\"twitter:card\" content=\"summary_large_image\" \/>\n<meta name=\"twitter:label1\" content=\"Szacowany czas czytania\" \/>\n\t<meta name=\"twitter:data1\" content=\"3 minuty\" \/>\n<script type=\"application\/ld+json\" class=\"yoast-schema-graph\">{\"@context\":\"https:\/\/schema.org\",\"@graph\":[{\"@type\":\"WebPage\",\"@id\":\"https:\/\/ihymon.com\/blog\/\",\"url\":\"https:\/\/ihymon.com\/blog\/\",\"name\":\"News | HyMon Hydraulics\",\"isPartOf\":{\"@id\":\"https:\/\/ihymon.com\/#website\"},\"datePublished\":\"2020-04-07T13:59:00+00:00\",\"dateModified\":\"2025-10-15T10:21:28+00:00\",\"description\":\"HyMon supplies premium hydraulic pumps, motors, axial piston pumps, radial piston motors. Your trusted supplier partner. Contact us!\",\"breadcrumb\":{\"@id\":\"https:\/\/ihymon.com\/blog\/#breadcrumb\"},\"inLanguage\":\"pl-PL\",\"potentialAction\":[{\"@type\":\"ReadAction\",\"target\":[\"https:\/\/ihymon.com\/blog\/\"]}]},{\"@type\":\"BreadcrumbList\",\"@id\":\"https:\/\/ihymon.com\/blog\/#breadcrumb\",\"itemListElement\":[{\"@type\":\"ListItem\",\"position\":1,\"name\":\"Home\",\"item\":\"https:\/\/ihymon.com\/\"},{\"@type\":\"ListItem\",\"position\":2,\"name\":\"News\"}]},{\"@type\":\"WebSite\",\"@id\":\"https:\/\/ihymon.com\/#website\",\"url\":\"https:\/\/ihymon.com\/\",\"name\":\"HyMon Hydraulics\",\"description\":\"\",\"publisher\":{\"@id\":\"https:\/\/ihymon.com\/#organization\"},\"potentialAction\":[{\"@type\":\"SearchAction\",\"target\":{\"@type\":\"EntryPoint\",\"urlTemplate\":\"https:\/\/ihymon.com\/?s={search_term_string}\"},\"query-input\":{\"@type\":\"PropertyValueSpecification\",\"valueRequired\":true,\"valueName\":\"search_term_string\"}}],\"inLanguage\":\"pl-PL\"},{\"@type\":\"Organization\",\"@id\":\"https:\/\/ihymon.com\/#organization\",\"name\":\"HyMon Hydraulics\",\"url\":\"https:\/\/ihymon.com\/\",\"logo\":{\"@type\":\"ImageObject\",\"inLanguage\":\"pl-PL\",\"@id\":\"https:\/\/ihymon.com\/#\/schema\/logo\/image\/\",\"url\":\"https:\/\/ihymon.com\/wp-content\/uploads\/2024\/10\/2.png\",\"contentUrl\":\"https:\/\/ihymon.com\/wp-content\/uploads\/2024\/10\/2.png\",\"width\":400,\"height\":80,\"caption\":\"HyMon Hydraulics\"},\"image\":{\"@id\":\"https:\/\/ihymon.com\/#\/schema\/logo\/image\/\"}}]}<\/script>\n<!-- \/ Yoast SEO plugin. -->","yoast_head_json":{"title":"News | HyMon Hydraulics","description":"HyMon supplies premium hydraulic pumps, motors, axial piston pumps, radial piston motors. Your trusted supplier partner. Contact us!","robots":{"index":"index","follow":"follow","max-snippet":"max-snippet:-1","max-image-preview":"max-image-preview:large","max-video-preview":"max-video-preview:-1"},"canonical":"https:\/\/ihymon.com\/pl\/blog\/","og_locale":"pl_PL","og_type":"article","og_title":"News | HyMon Hydraulics","og_description":"HyMon supplies premium hydraulic pumps, motors, axial piston pumps, radial piston motors. Your trusted supplier partner. Contact us!","og_url":"https:\/\/ihymon.com\/pl\/blog\/","og_site_name":"HyMon Hydraulics","article_modified_time":"2025-10-15T10:21:28+00:00","twitter_card":"summary_large_image","twitter_misc":{"Szacowany czas czytania":"3 minuty"},"schema":{"@context":"https:\/\/schema.org","@graph":[{"@type":"WebPage","@id":"https:\/\/ihymon.com\/blog\/","url":"https:\/\/ihymon.com\/blog\/","name":"News | HyMon Hydraulics","isPartOf":{"@id":"https:\/\/ihymon.com\/#website"},"datePublished":"2020-04-07T13:59:00+00:00","dateModified":"2025-10-15T10:21:28+00:00","description":"HyMon supplies premium hydraulic pumps, motors, axial piston pumps, radial piston motors. Your trusted supplier partner. Contact us!","breadcrumb":{"@id":"https:\/\/ihymon.com\/blog\/#breadcrumb"},"inLanguage":"pl-PL","potentialAction":[{"@type":"ReadAction","target":["https:\/\/ihymon.com\/blog\/"]}]},{"@type":"BreadcrumbList","@id":"https:\/\/ihymon.com\/blog\/#breadcrumb","itemListElement":[{"@type":"ListItem","position":1,"name":"Home","item":"https:\/\/ihymon.com\/"},{"@type":"ListItem","position":2,"name":"News"}]},{"@type":"WebSite","@id":"https:\/\/ihymon.com\/#website","url":"https:\/\/ihymon.com\/","name":"HyMon Hydraulics","description":"","publisher":{"@id":"https:\/\/ihymon.com\/#organization"},"potentialAction":[{"@type":"SearchAction","target":{"@type":"EntryPoint","urlTemplate":"https:\/\/ihymon.com\/?s={search_term_string}"},"query-input":{"@type":"PropertyValueSpecification","valueRequired":true,"valueName":"search_term_string"}}],"inLanguage":"pl-PL"},{"@type":"Organization","@id":"https:\/\/ihymon.com\/#organization","name":"HyMon Hydraulics","url":"https:\/\/ihymon.com\/","logo":{"@type":"ImageObject","inLanguage":"pl-PL","@id":"https:\/\/ihymon.com\/#\/schema\/logo\/image\/","url":"https:\/\/ihymon.com\/wp-content\/uploads\/2024\/10\/2.png","contentUrl":"https:\/\/ihymon.com\/wp-content\/uploads\/2024\/10\/2.png","width":400,"height":80,"caption":"HyMon Hydraulics"},"image":{"@id":"https:\/\/ihymon.com\/#\/schema\/logo\/image\/"}}]}},"_links":{"self":[{"href":"https:\/\/ihymon.com\/pl\/wp-json\/wp\/v2\/pages\/11","targetHints":{"allow":["GET"]}}],"collection":[{"href":"https:\/\/ihymon.com\/pl\/wp-json\/wp\/v2\/pages"}],"about":[{"href":"https:\/\/ihymon.com\/pl\/wp-json\/wp\/v2\/types\/page"}],"author":[{"embeddable":true,"href":"https:\/\/ihymon.com\/pl\/wp-json\/wp\/v2\/users\/1"}],"replies":[{"embeddable":true,"href":"https:\/\/ihymon.com\/pl\/wp-json\/wp\/v2\/comments?post=11"}],"version-history":[{"count":19,"href":"https:\/\/ihymon.com\/pl\/wp-json\/wp\/v2\/pages\/11\/revisions"}],"predecessor-version":[{"id":13390,"href":"https:\/\/ihymon.com\/pl\/wp-json\/wp\/v2\/pages\/11\/revisions\/13390"}],"wp:attachment":[{"href":"https:\/\/ihymon.com\/pl\/wp-json\/wp\/v2\/media?parent=11"}],"curies":[{"name":"wp","href":"https:\/\/api.w.org\/{rel}","templated":true}]}}