{"id":5475,"date":"2021-10-01T13:01:38","date_gmt":"2021-10-01T13:01:38","guid":{"rendered":"https:\/\/the7.io\/business-advisors\/?page_id=5475"},"modified":"2025-10-07T11:21:35","modified_gmt":"2025-10-07T03:21:35","slug":"terms-conditions","status":"publish","type":"page","link":"https:\/\/ihymon.com\/fr\/terms-conditions\/","title":{"rendered":"Conditions g\u00e9n\u00e9rales"},"content":{"rendered":"<h1 class=\"wp-block-heading\">Termes et conditions<\/h1>\n\n\n\n<p>Veuillez lire attentivement ces termes et conditions avant d&#039;utiliser notre service.<\/p>\n\n\n\n<h2 class=\"wp-block-heading\">Interpr\u00e9tation et d\u00e9finitions<\/h2>\n\n\n\n<h3 class=\"wp-block-heading\">Interpr\u00e9tation<\/h3>\n\n\n\n<p>Les mots dont la premi\u00e8re lettre est une majuscule ont des significations d\u00e9finies selon les conditions suivantes. Ces d\u00e9finitions ont le m\u00eame sens, qu&#039;elles apparaissent au singulier ou au pluriel.<\/p>\n\n\n\n<h3 class=\"wp-block-heading\">D\u00e9finitions<\/h3>\n\n\n\n<p>Aux fins des pr\u00e9sentes Conditions g\u00e9n\u00e9rales :<\/p>\n\n\n\n<ul class=\"wp-block-list\">\n<li><strong>Filiale<\/strong> d\u00e9signe une entit\u00e9 qui contr\u00f4le, est contr\u00f4l\u00e9e par ou est sous contr\u00f4le commun avec une partie, o\u00f9 \u00ab contr\u00f4le \u00bb signifie la propri\u00e9t\u00e9 d&#039;au moins 50% d&#039;actions, de participations ou d&#039;autres titres donnant droit de vote pour l&#039;\u00e9lection des administrateurs ou d&#039;autres autorit\u00e9s de gestion.<\/li>\n\n\n\n<li><strong>Pays<\/strong> fait r\u00e9f\u00e9rence \u00e0 : la Chine<\/li>\n\n\n\n<li><strong>Entreprise<\/strong> (appel\u00e9e \u00ab la Soci\u00e9t\u00e9 \u00bb, \u00ab Nous \u00bb, \u00ab Notre \u00bb ou \u00ab Nos \u00bb dans le pr\u00e9sent Contrat) d\u00e9signe HyMon Hydraulics, #185, Guangyuan Road, Zhenhai District, Ningbo, Chine.<\/li>\n\n\n\n<li><strong>Appareil<\/strong> d\u00e9signe tout appareil pouvant acc\u00e9der au Service tel qu&#039;un ordinateur, un t\u00e9l\u00e9phone portable ou une tablette num\u00e9rique.<\/li>\n\n\n\n<li><strong>Service<\/strong> fait r\u00e9f\u00e9rence au Site Web.<\/li>\n\n\n\n<li><strong>Termes et conditions<\/strong> (\u00e9galement appel\u00e9s \u00ab Conditions \u00bb) d\u00e9signe les pr\u00e9sentes Conditions g\u00e9n\u00e9rales qui constituent l&#039;int\u00e9gralit\u00e9 de l&#039;accord entre vous et la Soci\u00e9t\u00e9 concernant l&#039;utilisation du Service. <\/li>\n\n\n\n<li><strong>Service de m\u00e9dias sociaux tiers<\/strong> d\u00e9signe tout service ou contenu (y compris les donn\u00e9es, informations, produits ou services) fourni par un tiers qui peut \u00eatre affich\u00e9, inclus ou mis \u00e0 disposition par le Service.<\/li>\n\n\n\n<li><strong>Site web<\/strong> fait r\u00e9f\u00e9rence \u00e0 HyMon Hydraulics, accessible depuis <a href=\"https:\/\/ihymon.com\/fr\/\" target=\"_blank\" rel=\"noreferrer noopener\">https:\/\/ihymon.com\/<\/a><\/li>\n\n\n\n<li><strong>Toi<\/strong> d\u00e9signe la personne qui acc\u00e8de au Service ou l&#039;utilise, ou la soci\u00e9t\u00e9 ou autre entit\u00e9 juridique au nom de laquelle cette personne acc\u00e8de au Service ou l&#039;utilise, selon le cas.<\/li>\n<\/ul>\n\n\n\n<h2 class=\"wp-block-heading\">Reconnaissance<\/h2>\n\n\n\n<p>Les pr\u00e9sentes Conditions g\u00e9n\u00e9rales r\u00e9gissent l&#039;utilisation de ce Service et constituent l&#039;accord entre vous et la Soci\u00e9t\u00e9. Elles d\u00e9finissent les droits et obligations de tous les utilisateurs concernant l&#039;utilisation du Service.<\/p>\n\n\n\n<p>Votre acc\u00e8s au Service et son utilisation sont conditionn\u00e9s par votre acceptation et votre respect des pr\u00e9sentes Conditions g\u00e9n\u00e9rales. Ces Conditions g\u00e9n\u00e9rales s&#039;appliquent \u00e0 tous les visiteurs, utilisateurs et autres personnes acc\u00e9dant au Service ou l&#039;utilisant.<\/p>\n\n\n\n<p>En acc\u00e9dant au Service ou en l&#039;utilisant, vous acceptez les pr\u00e9sentes Conditions g\u00e9n\u00e9rales. En cas de d\u00e9saccord avec une quelconque disposition de ces Conditions g\u00e9n\u00e9rales, vous ne pourrez pas acc\u00e9der au Service.<\/p>\n\n\n\n<p>Vous d\u00e9clarez avoir plus de 18 ans. La Soci\u00e9t\u00e9 n&#039;autorise pas les personnes de moins de 18 ans \u00e0 utiliser le Service.<\/p>\n\n\n\n<p>Votre acc\u00e8s au Service et son utilisation sont \u00e9galement conditionn\u00e9s par votre acceptation et votre respect de la Politique de confidentialit\u00e9 de la Soci\u00e9t\u00e9. Notre Politique de confidentialit\u00e9 d\u00e9crit nos politiques et proc\u00e9dures relatives \u00e0 la collecte, \u00e0 l&#039;utilisation et \u00e0 la divulgation de vos informations personnelles lorsque vous utilisez l&#039;Application ou le Site web, et vous informe de vos droits en mati\u00e8re de confidentialit\u00e9 et de la protection que la loi vous offre. Veuillez lire attentivement notre Politique de confidentialit\u00e9 avant d&#039;utiliser notre Service.<\/p>\n\n\n\n<h2 class=\"wp-block-heading\">Liens vers d&#039;autres sites Web<\/h2>\n\n\n\n<p>Notre service peut contenir des liens vers des sites Web ou des services tiers qui ne sont pas d\u00e9tenus ou contr\u00f4l\u00e9s par la Soci\u00e9t\u00e9.<\/p>\n\n\n\n<p>La Soci\u00e9t\u00e9 n&#039;exerce aucun contr\u00f4le sur le contenu, les politiques de confidentialit\u00e9 ou les pratiques des sites web ou services tiers et n&#039;assume aucune responsabilit\u00e9 \u00e0 leur \u00e9gard. Vous reconnaissez et acceptez \u00e9galement que la Soci\u00e9t\u00e9 ne saurait \u00eatre tenue responsable, directement ou indirectement, de tout dommage ou perte caus\u00e9 ou pr\u00e9tendument caus\u00e9 par ou en lien avec l&#039;utilisation ou la confiance accord\u00e9e \u00e0 ces contenus, biens ou services disponibles sur ou via ces sites web ou services.<\/p>\n\n\n\n<p>Nous vous conseillons vivement de lire les conditions g\u00e9n\u00e9rales et les politiques de confidentialit\u00e9 de tout site Web ou service tiers que vous visitez.<\/p>\n\n\n\n<h2 class=\"wp-block-heading\">Terminaison<\/h2>\n\n\n\n<p>Nous pouvons r\u00e9silier ou suspendre votre acc\u00e8s imm\u00e9diatement, sans pr\u00e9avis ni responsabilit\u00e9, pour quelque raison que ce soit, y compris, sans limitation, si vous ne respectez pas les pr\u00e9sentes conditions g\u00e9n\u00e9rales.<\/p>\n\n\n\n<p>En cas de r\u00e9siliation, votre droit d\u2019utiliser le Service cessera imm\u00e9diatement.<\/p>\n\n\n\n<h2 class=\"wp-block-heading\">Limitation de responsabilit\u00e9<\/h2>\n\n\n\n<p>Nonobstant tout dommage que vous pourriez subir, l&#039;enti\u00e8re responsabilit\u00e9 de la Soci\u00e9t\u00e9 et de l&#039;un de ses fournisseurs en vertu de toute disposition des pr\u00e9sentes Conditions et votre recours exclusif pour tout ce qui pr\u00e9c\u00e8de seront limit\u00e9s au montant r\u00e9ellement pay\u00e9 par vous via le Service ou \u00e0 100 USD si vous n&#039;avez rien achet\u00e9 via le Service.<\/p>\n\n\n\n<p>Dans la mesure maximale permise par la loi applicable, en aucun cas la Soci\u00e9t\u00e9 ou ses fournisseurs ne pourront \u00eatre tenus responsables de dommages sp\u00e9ciaux, accessoires, indirects ou cons\u00e9cutifs, quels qu&#039;ils soient (y compris, mais sans s&#039;y limiter, les dommages pour perte de b\u00e9n\u00e9fices, perte de donn\u00e9es ou autres informations, pour interruption d&#039;activit\u00e9, pour blessure corporelle, perte de confidentialit\u00e9 d\u00e9coulant de ou li\u00e9e de quelque mani\u00e8re que ce soit \u00e0 l&#039;utilisation ou \u00e0 l&#039;impossibilit\u00e9 d&#039;utiliser le Service, les logiciels tiers et\/ou le mat\u00e9riel tiers utilis\u00e9s avec le Service, ou autrement en relation avec toute disposition des pr\u00e9sentes Conditions), m\u00eame si la Soci\u00e9t\u00e9 ou tout fournisseur a \u00e9t\u00e9 inform\u00e9 de la possibilit\u00e9 de tels dommages et m\u00eame si le recours \u00e9choue \u00e0 son objectif essentiel.<\/p>\n\n\n\n<p>Certains \u00c9tats n&#039;autorisent pas l&#039;exclusion des garanties implicites ni la limitation de responsabilit\u00e9 pour les dommages accessoires ou indirects, ce qui signifie que certaines des limitations susmentionn\u00e9es peuvent ne pas s&#039;appliquer. Dans ces \u00c9tats, la responsabilit\u00e9 de chaque partie sera limit\u00e9e dans toute la mesure permise par la loi.<\/p>\n\n\n\n<h2 class=\"wp-block-heading\">Clause de non-responsabilit\u00e9 \u00ab\u00a0TEL QUEL\u00a0\u00bb et \u00ab\u00a0TEL QUE DISPONIBLE\u00a0\u00bb<\/h2>\n\n\n\n<p>Le Service Vous est fourni \u00ab\u00a0EN L&#039;\u00c9TAT\u00a0\u00bb et \u00ab\u00a0TEL QUE DISPONIBLE\u00a0\u00bb, avec tous ses d\u00e9fauts et vices, sans garantie d&#039;aucune sorte. Dans les limites autoris\u00e9es par la loi applicable, la Soci\u00e9t\u00e9, en son nom propre et au nom de ses Soci\u00e9t\u00e9s affili\u00e9es, de ses conc\u00e9dants de licence et de leurs prestataires de services respectifs, d\u00e9cline express\u00e9ment toute garantie, expresse, implicite, l\u00e9gale ou autre, concernant le Service, y compris toutes les garanties implicites de qualit\u00e9 marchande, d&#039;ad\u00e9quation \u00e0 un usage particulier, de propri\u00e9t\u00e9 et de non-contrefa\u00e7on, ainsi que les garanties pouvant d\u00e9couler des transactions, de l&#039;ex\u00e9cution, de l&#039;usage ou des pratiques commerciales. Sans limitation de ce qui pr\u00e9c\u00e8de, la Soci\u00e9t\u00e9 ne fournit aucune garantie ni ne prend aucun engagement, et ne fait aucune d\u00e9claration, de quelque nature que ce soit, quant \u00e0 la conformit\u00e9 du Service \u00e0 Vos exigences, \u00e0 l&#039;obtention des r\u00e9sultats escompt\u00e9s, \u00e0 sa compatibilit\u00e9 ou \u00e0 son fonctionnement avec tout autre logiciel, application, syst\u00e8me ou service, \u00e0 son fonctionnement ininterrompu, \u00e0 son respect des normes de performance ou de fiabilit\u00e9, \u00e0 son absence d&#039;erreurs, ni quant \u00e0 la possibilit\u00e9 ou au caract\u00e8re irr\u00e9versible de toute erreur ou d\u00e9faut.<\/p>\n\n\n\n<p>Sans limiter ce qui pr\u00e9c\u00e8de, ni la Soci\u00e9t\u00e9 ni aucun des fournisseurs de la Soci\u00e9t\u00e9 ne fait aucune d\u00e9claration ou garantie d&#039;aucune sorte, expresse ou implicite : (i) quant au fonctionnement ou \u00e0 la disponibilit\u00e9 du Service, ou aux informations, au contenu et aux mat\u00e9riaux ou produits qui y sont inclus ; (ii) que le Service sera ininterrompu ou sans erreur ; (iii) quant \u00e0 l&#039;exactitude, la fiabilit\u00e9 ou l&#039;actualit\u00e9 de toute information ou contenu fourni via le Service ; ou (iv) que le Service, ses serveurs, le contenu ou les e-mails envoy\u00e9s depuis ou au nom de la Soci\u00e9t\u00e9 sont exempts de virus, scripts, chevaux de Troie, vers, logiciels malveillants, bombes \u00e0 retardement ou autres composants nuisibles.<\/p>\n\n\n\n<p>Certaines juridictions n&#039;autorisent pas l&#039;exclusion de certains types de garanties ou la limitation des droits statutaires applicables d&#039;un consommateur. Il est donc possible que certaines ou la totalit\u00e9 des exclusions et limitations ci-dessus ne vous soient pas applicables. Dans ce cas, les exclusions et limitations \u00e9nonc\u00e9es dans la pr\u00e9sente section s&#039;appliqueront dans toute la mesure permise par la loi applicable.<\/p>\n\n\n\n<h2 class=\"wp-block-heading\">Loi applicable<\/h2>\n\n\n\n<p>Les pr\u00e9sentes Conditions et votre utilisation du Service sont r\u00e9gies par les lois du Pays, \u00e0 l&#039;exclusion de ses r\u00e8gles de conflit de lois. Votre utilisation de l&#039;Application peut \u00e9galement \u00eatre soumise \u00e0 d&#039;autres lois locales, \u00e9tatiques, nationales ou internationales.<\/p>\n\n\n\n<h2 class=\"wp-block-heading\">R\u00e9solution des litiges<\/h2>\n\n\n\n<p>Si vous avez des pr\u00e9occupations ou des litiges concernant le Service, vous acceptez d&#039;abord d&#039;essayer de r\u00e9soudre le litige de mani\u00e8re informelle en contactant la Soci\u00e9t\u00e9.<\/p>\n\n\n\n<h2 class=\"wp-block-heading\">Pour les utilisateurs de l&#039;Union europ\u00e9enne (UE)<\/h2>\n\n\n\n<p>Si vous \u00eates un consommateur de l\u2019Union europ\u00e9enne, vous b\u00e9n\u00e9ficierez de toutes les dispositions obligatoires de la loi du pays dans lequel vous r\u00e9sidez.<\/p>\n\n\n\n<h2 class=\"wp-block-heading\">Conformit\u00e9 juridique aux \u00c9tats-Unis<\/h2>\n\n\n\n<p>Vous d\u00e9clarez et garantissez que (i) vous n&#039;\u00eates pas situ\u00e9 dans un pays soumis \u00e0 l&#039;embargo du gouvernement des \u00c9tats-Unis, ou qui a \u00e9t\u00e9 d\u00e9sign\u00e9 par le gouvernement des \u00c9tats-Unis comme un pays \u00ab soutenant le terrorisme \u00bb, et (ii) vous ne figurez sur aucune liste du gouvernement des \u00c9tats-Unis de parties interdites ou restreintes.<\/p>\n\n\n\n<h2 class=\"wp-block-heading\">Divisibilit\u00e9 et renonciation<\/h2>\n\n\n\n<h3 class=\"wp-block-heading\">Divisibilit\u00e9<\/h3>\n\n\n\n<p>Si une disposition des pr\u00e9sentes Conditions est jug\u00e9e inapplicable ou invalide, cette disposition sera modifi\u00e9e et interpr\u00e9t\u00e9e de mani\u00e8re \u00e0 atteindre les objectifs de cette disposition dans la plus grande mesure possible en vertu de la loi applicable et les dispositions restantes resteront pleinement en vigueur.<\/p>\n\n\n\n<h3 class=\"wp-block-heading\">Renoncer<\/h3>\n\n\n\n<p>Sauf disposition contraire des pr\u00e9sentes, le fait de ne pas exercer un droit ou d&#039;exiger l&#039;ex\u00e9cution d&#039;une obligation en vertu des pr\u00e9sentes Conditions n&#039;affectera pas la capacit\u00e9 d&#039;une partie \u00e0 exercer ce droit ou \u00e0 exiger cette ex\u00e9cution \u00e0 tout moment par la suite, et la renonciation \u00e0 un manquement ne constituera pas une renonciation \u00e0 tout manquement ult\u00e9rieur.<\/p>\n\n\n\n<h2 class=\"wp-block-heading\">Traduction Interpr\u00e9tation<\/h2>\n\n\n\n<p>Les pr\u00e9sentes Conditions g\u00e9n\u00e9rales peuvent avoir \u00e9t\u00e9 traduites si nous les avons mises \u00e0 votre disposition sur notre Service. Vous acceptez que le texte original anglais pr\u00e9vale en cas de litige.<\/p>\n\n\n\n<h2 class=\"wp-block-heading\">Modifications des pr\u00e9sentes conditions g\u00e9n\u00e9rales<\/h2>\n\n\n\n<p>Nous nous r\u00e9servons le droit, \u00e0 notre enti\u00e8re discr\u00e9tion, de modifier ou de remplacer les pr\u00e9sentes Conditions \u00e0 tout moment. En cas de r\u00e9vision importante, nous mettrons tout en \u0153uvre pour vous en informer au moins 30 jours \u00e0 l&#039;avance. La d\u00e9finition d&#039;une modification importante sera d\u00e9termin\u00e9e \u00e0 notre enti\u00e8re discr\u00e9tion.<\/p>\n\n\n\n<p>En continuant d&#039;acc\u00e9der \u00e0 notre Service ou de l&#039;utiliser apr\u00e8s l&#039;entr\u00e9e en vigueur de ces r\u00e9visions, vous acceptez d&#039;\u00eatre li\u00e9 par les conditions r\u00e9vis\u00e9es. Si vous n&#039;acceptez pas les nouvelles conditions, en tout ou en partie, veuillez cesser d&#039;utiliser le site web et le Service.<\/p>\n\n\n\n<h2 class=\"wp-block-heading\">Contactez-nous<\/h2>\n\n\n\n<p>Si vous avez des questions sur ces conditions g\u00e9n\u00e9rales, vous pouvez nous contacter :<\/p>\n\n\n\n<ul class=\"wp-block-list\">\n<li>Par email : service@ihymon.com<\/li>\n<\/ul>","protected":false},"excerpt":{"rendered":"<p>Terms and Conditions Please read these terms and conditions carefully before using Our Service. Interpretation and Definitions Interpretation The words whose initial letters are capitalized have meanings defined under the following conditions. The following definitions shall have the same meaning regardless of whether they appear in singular or in plural. Definitions For the purposes of&hellip;<\/p>","protected":false},"author":1,"featured_media":0,"parent":0,"menu_order":40,"comment_status":"closed","ping_status":"closed","template":"","meta":{"footnotes":""},"class_list":["post-5475","page","type-page","status-publish","hentry","description-off"],"yoast_head":"<!-- This site is optimized with the Yoast SEO plugin v27.2 - https:\/\/yoast.com\/product\/yoast-seo-wordpress\/ -->\n<title>Terms &amp; conditions | HyMon Hydraulics<\/title>\n<meta name=\"description\" content=\"HyMon supplies premium hydraulic pumps, motors, axial piston pumps, radial piston motors. Your trusted supplier partner. Contact us!\" \/>\n<meta name=\"robots\" content=\"index, follow, max-snippet:-1, max-image-preview:large, max-video-preview:-1\" \/>\n<link rel=\"canonical\" href=\"https:\/\/ihymon.com\/fr\/terms-conditions\/\" \/>\n<meta property=\"og:locale\" content=\"fr_FR\" \/>\n<meta property=\"og:type\" content=\"article\" \/>\n<meta property=\"og:title\" content=\"Terms &amp; conditions | HyMon Hydraulics\" \/>\n<meta property=\"og:description\" content=\"HyMon supplies premium hydraulic pumps, motors, axial piston pumps, radial piston motors. Your trusted supplier partner. Contact us!\" \/>\n<meta property=\"og:url\" content=\"https:\/\/ihymon.com\/fr\/terms-conditions\/\" \/>\n<meta property=\"og:site_name\" content=\"HyMon Hydraulics\" \/>\n<meta property=\"article:modified_time\" content=\"2025-10-07T03:21:35+00:00\" \/>\n<meta name=\"twitter:card\" content=\"summary_large_image\" \/>\n<meta name=\"twitter:label1\" content=\"Dur\u00e9e de lecture estim\u00e9e\" \/>\n\t<meta name=\"twitter:data1\" content=\"8 minutes\" \/>\n<script type=\"application\/ld+json\" class=\"yoast-schema-graph\">{\"@context\":\"https:\/\/schema.org\",\"@graph\":[{\"@type\":\"WebPage\",\"@id\":\"https:\/\/ihymon.com\/terms-conditions\/\",\"url\":\"https:\/\/ihymon.com\/terms-conditions\/\",\"name\":\"Terms & conditions | HyMon Hydraulics\",\"isPartOf\":{\"@id\":\"https:\/\/ihymon.com\/#website\"},\"datePublished\":\"2021-10-01T13:01:38+00:00\",\"dateModified\":\"2025-10-07T03:21:35+00:00\",\"description\":\"HyMon supplies premium hydraulic pumps, motors, axial piston pumps, radial piston motors. Your trusted supplier partner. Contact us!\",\"breadcrumb\":{\"@id\":\"https:\/\/ihymon.com\/terms-conditions\/#breadcrumb\"},\"inLanguage\":\"fr-FR\",\"potentialAction\":[{\"@type\":\"ReadAction\",\"target\":[\"https:\/\/ihymon.com\/terms-conditions\/\"]}]},{\"@type\":\"BreadcrumbList\",\"@id\":\"https:\/\/ihymon.com\/terms-conditions\/#breadcrumb\",\"itemListElement\":[{\"@type\":\"ListItem\",\"position\":1,\"name\":\"Home\",\"item\":\"https:\/\/ihymon.com\/\"},{\"@type\":\"ListItem\",\"position\":2,\"name\":\"Terms &#038; conditions\"}]},{\"@type\":\"WebSite\",\"@id\":\"https:\/\/ihymon.com\/#website\",\"url\":\"https:\/\/ihymon.com\/\",\"name\":\"HyMon Hydraulics\",\"description\":\"\",\"publisher\":{\"@id\":\"https:\/\/ihymon.com\/#organization\"},\"potentialAction\":[{\"@type\":\"SearchAction\",\"target\":{\"@type\":\"EntryPoint\",\"urlTemplate\":\"https:\/\/ihymon.com\/?s={search_term_string}\"},\"query-input\":{\"@type\":\"PropertyValueSpecification\",\"valueRequired\":true,\"valueName\":\"search_term_string\"}}],\"inLanguage\":\"fr-FR\"},{\"@type\":\"Organization\",\"@id\":\"https:\/\/ihymon.com\/#organization\",\"name\":\"HyMon Hydraulics\",\"url\":\"https:\/\/ihymon.com\/\",\"logo\":{\"@type\":\"ImageObject\",\"inLanguage\":\"fr-FR\",\"@id\":\"https:\/\/ihymon.com\/#\/schema\/logo\/image\/\",\"url\":\"https:\/\/ihymon.com\/wp-content\/uploads\/2024\/10\/2.png\",\"contentUrl\":\"https:\/\/ihymon.com\/wp-content\/uploads\/2024\/10\/2.png\",\"width\":400,\"height\":80,\"caption\":\"HyMon Hydraulics\"},\"image\":{\"@id\":\"https:\/\/ihymon.com\/#\/schema\/logo\/image\/\"}}]}<\/script>\n<!-- \/ Yoast SEO plugin. -->","yoast_head_json":{"title":"Terms & conditions | HyMon Hydraulics","description":"HyMon supplies premium hydraulic pumps, motors, axial piston pumps, radial piston motors. Your trusted supplier partner. Contact us!","robots":{"index":"index","follow":"follow","max-snippet":"max-snippet:-1","max-image-preview":"max-image-preview:large","max-video-preview":"max-video-preview:-1"},"canonical":"https:\/\/ihymon.com\/fr\/terms-conditions\/","og_locale":"fr_FR","og_type":"article","og_title":"Terms & conditions | HyMon Hydraulics","og_description":"HyMon supplies premium hydraulic pumps, motors, axial piston pumps, radial piston motors. Your trusted supplier partner. Contact us!","og_url":"https:\/\/ihymon.com\/fr\/terms-conditions\/","og_site_name":"HyMon Hydraulics","article_modified_time":"2025-10-07T03:21:35+00:00","twitter_card":"summary_large_image","twitter_misc":{"Dur\u00e9e de lecture estim\u00e9e":"8 minutes"},"schema":{"@context":"https:\/\/schema.org","@graph":[{"@type":"WebPage","@id":"https:\/\/ihymon.com\/terms-conditions\/","url":"https:\/\/ihymon.com\/terms-conditions\/","name":"Terms & conditions | HyMon Hydraulics","isPartOf":{"@id":"https:\/\/ihymon.com\/#website"},"datePublished":"2021-10-01T13:01:38+00:00","dateModified":"2025-10-07T03:21:35+00:00","description":"HyMon supplies premium hydraulic pumps, motors, axial piston pumps, radial piston motors. Your trusted supplier partner. Contact us!","breadcrumb":{"@id":"https:\/\/ihymon.com\/terms-conditions\/#breadcrumb"},"inLanguage":"fr-FR","potentialAction":[{"@type":"ReadAction","target":["https:\/\/ihymon.com\/terms-conditions\/"]}]},{"@type":"BreadcrumbList","@id":"https:\/\/ihymon.com\/terms-conditions\/#breadcrumb","itemListElement":[{"@type":"ListItem","position":1,"name":"Home","item":"https:\/\/ihymon.com\/"},{"@type":"ListItem","position":2,"name":"Terms &#038; conditions"}]},{"@type":"WebSite","@id":"https:\/\/ihymon.com\/#website","url":"https:\/\/ihymon.com\/","name":"HyMon Hydraulics","description":"","publisher":{"@id":"https:\/\/ihymon.com\/#organization"},"potentialAction":[{"@type":"SearchAction","target":{"@type":"EntryPoint","urlTemplate":"https:\/\/ihymon.com\/?s={search_term_string}"},"query-input":{"@type":"PropertyValueSpecification","valueRequired":true,"valueName":"search_term_string"}}],"inLanguage":"fr-FR"},{"@type":"Organization","@id":"https:\/\/ihymon.com\/#organization","name":"HyMon Hydraulics","url":"https:\/\/ihymon.com\/","logo":{"@type":"ImageObject","inLanguage":"fr-FR","@id":"https:\/\/ihymon.com\/#\/schema\/logo\/image\/","url":"https:\/\/ihymon.com\/wp-content\/uploads\/2024\/10\/2.png","contentUrl":"https:\/\/ihymon.com\/wp-content\/uploads\/2024\/10\/2.png","width":400,"height":80,"caption":"HyMon Hydraulics"},"image":{"@id":"https:\/\/ihymon.com\/#\/schema\/logo\/image\/"}}]}},"_links":{"self":[{"href":"https:\/\/ihymon.com\/fr\/wp-json\/wp\/v2\/pages\/5475","targetHints":{"allow":["GET"]}}],"collection":[{"href":"https:\/\/ihymon.com\/fr\/wp-json\/wp\/v2\/pages"}],"about":[{"href":"https:\/\/ihymon.com\/fr\/wp-json\/wp\/v2\/types\/page"}],"author":[{"embeddable":true,"href":"https:\/\/ihymon.com\/fr\/wp-json\/wp\/v2\/users\/1"}],"replies":[{"embeddable":true,"href":"https:\/\/ihymon.com\/fr\/wp-json\/wp\/v2\/comments?post=5475"}],"version-history":[{"count":7,"href":"https:\/\/ihymon.com\/fr\/wp-json\/wp\/v2\/pages\/5475\/revisions"}],"predecessor-version":[{"id":12396,"href":"https:\/\/ihymon.com\/fr\/wp-json\/wp\/v2\/pages\/5475\/revisions\/12396"}],"wp:attachment":[{"href":"https:\/\/ihymon.com\/fr\/wp-json\/wp\/v2\/media?parent=5475"}],"curies":[{"name":"wp","href":"https:\/\/api.w.org\/{rel}","templated":true}]}}