{"id":11,"date":"2020-04-07T13:59:00","date_gmt":"2020-04-07T13:59:00","guid":{"rendered":"https:\/\/the7.io\/business-advisors\/?page_id=11"},"modified":"2025-10-15T18:21:28","modified_gmt":"2025-10-15T10:21:28","slug":"blog","status":"publish","type":"page","link":"https:\/\/ihymon.com\/fr\/blog\/","title":{"rendered":"Nouvelles"},"content":{"rendered":"<div data-elementor-type=\"wp-page\" data-elementor-id=\"11\" class=\"elementor elementor-11\" data-elementor-post-type=\"page\">\n\t\t\t\t<div class=\"elementor-element elementor-element-93f6516 e-flex e-con-boxed e-con e-parent\" data-id=\"93f6516\" data-element_type=\"container\" data-e-type=\"container\" data-settings=\"{&quot;background_background&quot;:&quot;gradient&quot;}\">\n\t\t\t\t\t<div class=\"e-con-inner\">\n\t\t<div class=\"elementor-element elementor-element-566dcbc e-con-full e-flex e-con e-child\" data-id=\"566dcbc\" data-element_type=\"container\" data-e-type=\"container\" data-settings=\"{&quot;background_background&quot;:&quot;classic&quot;}\">\n\t\t\t\t<div class=\"elementor-element elementor-element-2413f6d elementor-widget elementor-widget-heading\" data-id=\"2413f6d\" data-element_type=\"widget\" data-e-type=\"widget\" data-widget_type=\"heading.default\">\n\t\t\t\t<div class=\"elementor-widget-container\">\n\t\t\t\t\t<h1 class=\"elementor-heading-title elementor-size-default\">Blog<\/h1>\t\t\t\t<\/div>\n\t\t\t\t<\/div>\n\t\t\t\t<div class=\"elementor-element elementor-element-2ba425d img-align-mobile-top image-vertical-align-center image-vertical-align-tablet-start img-align-top icon-box-vertical-align-top preserve-img-ratio-cover slide-h-position-left elementor-widget elementor-widget-the7-elements-simple-posts\" data-id=\"2ba425d\" data-element_type=\"widget\" data-e-type=\"widget\" data-widget_type=\"the7-elements-simple-posts.default\">\n\t\t\t\t<div class=\"elementor-widget-container\">\n\t\t\t\t\t<div class=\"the7-simple-widget-posts the7-elementor-widget the7-elements-simple-posts-2ba425d\" data-post-limit=\"-1\" data-pagination-mode=\"standard\" data-scroll-offset=\"\">\t\t\t<div class=\"dt-css-grid custom-pagination-handler\" data-columns=\"{&quot;d&quot;:3,&quot;t&quot;:2,&quot;p&quot;:1,&quot;wd&quot;:&quot;&quot;}\">\n\t\t\t\t\t\t\t\t\t<div class=\"wf-cell visible\">\n\t\t\t\t\t\t<article class=\"post visible wrapper post-13417 type-post status-publish format-standard has-post-thumbnail hentry category-construction-machinery\">\n\n\t\t\t\t\t\t\t<div class=\"post-content-wrapper\">\n\t\t\t\t\t\t\t\t\t\t\t\t\t\t\t\t\t<div class=\"the7-simple-post-thumb\">\n\t\t\t\t\t\t\t\t\t\t<a class=\"post-thumbnail-rollover layzr-bg img-css-resize-wrapper\" aria-label=\"Image article\" href=\"https:\/\/ihymon.com\/fr\/ms-series-piston-hydraulic-motors-for-construction-machinery-hymon-hydraulics\/\"><img fetchpriority=\"high\" decoding=\"async\" width=\"600\" height=\"600\" src=\"data:image\/svg+xml,%3Csvg%20xmlns%3D&#039;http%3A%2F%2Fwww.w3.org%2F2000%2Fsvg&#039;%20viewBox%3D&#039;0%200%20600%20600&#039;%2F%3E\" class=\"attachment-full size-full preload-me aspect lazy lazy-load\" alt=\"MS MSE Series Piston Radial Motor Replace Poclain\" sizes=\"(max-width: 600px) 100vw, 600px\" style=\"--ratio: 600 \/ 600;\" data-src=\"https:\/\/ihymon.com\/wp-content\/uploads\/2025\/10\/MS-MSE-Series-Piston-Radial-Motor-Replace-Poclain.jpg\" loading=\"eager\" data-srcset=\"https:\/\/ihymon.com\/wp-content\/uploads\/2025\/10\/MS-MSE-Series-Piston-Radial-Motor-Replace-Poclain.jpg 600w, https:\/\/ihymon.com\/wp-content\/uploads\/2025\/10\/MS-MSE-Series-Piston-Radial-Motor-Replace-Poclain-300x300.jpg 300w, https:\/\/ihymon.com\/wp-content\/uploads\/2025\/10\/MS-MSE-Series-Piston-Radial-Motor-Replace-Poclain-150x150.jpg 150w\" \/><span class=\"the7-hover-icon\"><\/span><\/a>\t\t\t\t\t\t\t\t\t<\/div>\n\t\t\t\t\t\t\t\t\t\t\t\t\t\t\t\t<div class=\"post-entry-content\">\n\t\t\t\t\t\t\t\t\t<h5 class=\"heading\"><a href=\"https:\/\/ihymon.com\/fr\/ms-series-piston-hydraulic-motors-for-construction-machinery-hymon-hydraulics\/\" rel=\"bookmark\" title=\"Moteurs hydrauliques \u00e0 pistons s\u00e9rie MS pour engins de chantier | Hymon Hydraulics\" class=\"post-title\">Moteurs hydrauliques \u00e0 pistons s\u00e9rie MS pour engins de chantier | Hymon Hydraulics<\/a><\/h5><p class=\"short-description\">Les moteurs \u00e0 pistons de la s\u00e9rie MS, allant du MS02 au MS250, sont largement reconnus pour leur conception robuste, leur couple \u00e9lev\u00e9 et leur fiabilit\u00e9, ce qui les rend id\u00e9aux pour les travaux de construction moyens et lourds\u2026<\/p>\t\t\t\t\t\t\t\t<\/div>\n\t\t\t\t\t\t\t<\/div>\n\t\t\t\t\t\t<\/article>\n\t\t\t\t\t<\/div>\t\t\t\t\t\t\t\t\t\t<div class=\"wf-cell visible\">\n\t\t\t\t\t\t<article class=\"post visible wrapper post-13399 type-post status-publish format-standard has-post-thumbnail hentry category-marine-equipment\">\n\n\t\t\t\t\t\t\t<div class=\"post-content-wrapper\">\n\t\t\t\t\t\t\t\t\t\t\t\t\t\t\t\t\t<div class=\"the7-simple-post-thumb\">\n\t\t\t\t\t\t\t\t\t\t<a class=\"post-thumbnail-rollover layzr-bg img-css-resize-wrapper\" aria-label=\"Image article\" href=\"https:\/\/ihymon.com\/fr\/omp-hydraulic-motors-for-marine-equipment-hydraulic-steering-systems-hymon-hydraulics\/\"><img decoding=\"async\" width=\"553\" height=\"553\" src=\"data:image\/svg+xml,%3Csvg%20xmlns%3D&#039;http%3A%2F%2Fwww.w3.org%2F2000%2Fsvg&#039;%20viewBox%3D&#039;0%200%20553%20553&#039;%2F%3E\" class=\"attachment-full size-full preload-me aspect lazy lazy-load\" alt=\"omp motor\" sizes=\"(max-width: 553px) 100vw, 553px\" style=\"--ratio: 553 \/ 553;\" data-src=\"https:\/\/ihymon.com\/wp-content\/uploads\/2025\/10\/omp-motor.jpg\" loading=\"eager\" data-srcset=\"https:\/\/ihymon.com\/wp-content\/uploads\/2025\/10\/omp-motor.jpg 553w, https:\/\/ihymon.com\/wp-content\/uploads\/2025\/10\/omp-motor-300x300.jpg 300w, https:\/\/ihymon.com\/wp-content\/uploads\/2025\/10\/omp-motor-150x150.jpg 150w\" \/><span class=\"the7-hover-icon\"><\/span><\/a>\t\t\t\t\t\t\t\t\t<\/div>\n\t\t\t\t\t\t\t\t\t\t\t\t\t\t\t\t<div class=\"post-entry-content\">\n\t\t\t\t\t\t\t\t\t<h5 class=\"heading\"><a href=\"https:\/\/ihymon.com\/fr\/omp-hydraulic-motors-for-marine-equipment-hydraulic-steering-systems-hymon-hydraulics\/\" rel=\"bookmark\" title=\"Moteurs hydrauliques OMP pour \u00e9quipements marins et syst\u00e8mes de direction hydraulique | Hymon Hydraulics\" class=\"post-title\">Moteurs hydrauliques OMP pour \u00e9quipements marins et syst\u00e8mes de direction hydraulique | Hymon Hydraulics<\/a><\/h5><p class=\"short-description\">Dans l&#039;industrie maritime, des syst\u00e8mes hydrauliques fiables et performants sont essentiels \u00e0 la s\u00e9curit\u00e9 et \u00e0 la performance op\u00e9rationnelle. Qu&#039;il s&#039;agisse de diriger un navire, d&#039;utiliser les machines de pont ou d&#039;alimenter les syst\u00e8mes auxiliaires, la demande\u2026<\/p>\t\t\t\t\t\t\t\t<\/div>\n\t\t\t\t\t\t\t<\/div>\n\t\t\t\t\t\t<\/article>\n\t\t\t\t\t<\/div>\t\t\t\t\t\t\t\t\t\t<div class=\"wf-cell visible\">\n\t\t\t\t\t\t<article class=\"post visible wrapper post-13189 type-post status-publish format-standard has-post-thumbnail hentry category-industrial-equipment\">\n\n\t\t\t\t\t\t\t<div class=\"post-content-wrapper\">\n\t\t\t\t\t\t\t\t\t\t\t\t\t\t\t\t\t<div class=\"the7-simple-post-thumb\">\n\t\t\t\t\t\t\t\t\t\t<a class=\"post-thumbnail-rollover layzr-bg img-css-resize-wrapper\" aria-label=\"Image article\" href=\"https:\/\/ihymon.com\/fr\/high-performance-a10vso-a4vso-pumps-for-industrial-equipment-hymon-hydraulics\/\"><img decoding=\"async\" width=\"588\" height=\"588\" src=\"data:image\/svg+xml,%3Csvg%20xmlns%3D&#039;http%3A%2F%2Fwww.w3.org%2F2000%2Fsvg&#039;%20viewBox%3D&#039;0%200%20588%20588&#039;%2F%3E\" class=\"attachment-full size-full preload-me aspect lazy lazy-load\" alt=\"A10VSO10\" sizes=\"(max-width: 588px) 100vw, 588px\" style=\"--ratio: 588 \/ 588;\" data-src=\"https:\/\/ihymon.com\/wp-content\/uploads\/2025\/10\/A10VSO10.jpg\" loading=\"eager\" data-srcset=\"https:\/\/ihymon.com\/wp-content\/uploads\/2025\/10\/A10VSO10.jpg 588w, https:\/\/ihymon.com\/wp-content\/uploads\/2025\/10\/A10VSO10-300x300.jpg 300w, https:\/\/ihymon.com\/wp-content\/uploads\/2025\/10\/A10VSO10-150x150.jpg 150w\" \/><span class=\"the7-hover-icon\"><\/span><\/a>\t\t\t\t\t\t\t\t\t<\/div>\n\t\t\t\t\t\t\t\t\t\t\t\t\t\t\t\t<div class=\"post-entry-content\">\n\t\t\t\t\t\t\t\t\t<h5 class=\"heading\"><a href=\"https:\/\/ihymon.com\/fr\/high-performance-a10vso-a4vso-pumps-for-industrial-equipment-hymon-hydraulics\/\" rel=\"bookmark\" title=\"Pompes hautes performances A10VSO et A4VSO pour \u00e9quipements industriels | Hymon Hydraulics\" class=\"post-title\">Pompes hautes performances A10VSO et A4VSO pour \u00e9quipements industriels | Hymon Hydraulics<\/a><\/h5><p class=\"short-description\">Dans le monde industriel actuel en constante \u00e9volution, la performance des machines d\u00e9pend fortement de la fiabilit\u00e9 et de l&#039;efficacit\u00e9 des syst\u00e8mes hydrauliques. Chez Hymon Hydraulics, nous sommes sp\u00e9cialis\u00e9s dans la fourniture de pompes hydrauliques hautes performances, notamment les c\u00e9l\u00e8bres A10VSO et A4VSO\u2026<\/p>\t\t\t\t\t\t\t\t<\/div>\n\t\t\t\t\t\t\t<\/div>\n\t\t\t\t\t\t<\/article>\n\t\t\t\t\t<\/div>\t\t\t\t\t\t\t\t\t\t<div class=\"wf-cell visible\">\n\t\t\t\t\t\t<article class=\"post visible wrapper post-13183 type-post status-publish format-standard has-post-thumbnail hentry category-hydraulic-pump-and-motor\">\n\n\t\t\t\t\t\t\t<div class=\"post-content-wrapper\">\n\t\t\t\t\t\t\t\t\t\t\t\t\t\t\t\t\t<div class=\"the7-simple-post-thumb\">\n\t\t\t\t\t\t\t\t\t\t<a class=\"post-thumbnail-rollover layzr-bg img-css-resize-wrapper\" aria-label=\"Image article\" href=\"https:\/\/ihymon.com\/fr\/replacement-pump-spare-parts\/\"><img decoding=\"async\" width=\"600\" height=\"600\" src=\"data:image\/svg+xml,%3Csvg%20xmlns%3D&#039;http%3A%2F%2Fwww.w3.org%2F2000%2Fsvg&#039;%20viewBox%3D&#039;0%200%20600%20600&#039;%2F%3E\" class=\"attachment-full size-full preload-me aspect lazy lazy-load\" alt=\"vane pump piston pump parts 2\" sizes=\"(max-width: 600px) 100vw, 600px\" style=\"--ratio: 600 \/ 600;\" data-src=\"https:\/\/ihymon.com\/wp-content\/uploads\/2025\/10\/vane-pump-piston-pump-parts-2.jpg\" loading=\"eager\" data-srcset=\"https:\/\/ihymon.com\/wp-content\/uploads\/2025\/10\/vane-pump-piston-pump-parts-2.jpg 600w, https:\/\/ihymon.com\/wp-content\/uploads\/2025\/10\/vane-pump-piston-pump-parts-2-300x300.jpg 300w, https:\/\/ihymon.com\/wp-content\/uploads\/2025\/10\/vane-pump-piston-pump-parts-2-150x150.jpg 150w\" \/><span class=\"the7-hover-icon\"><\/span><\/a>\t\t\t\t\t\t\t\t\t<\/div>\n\t\t\t\t\t\t\t\t\t\t\t\t\t\t\t\t<div class=\"post-entry-content\">\n\t\t\t\t\t\t\t\t\t<h5 class=\"heading\"><a href=\"https:\/\/ihymon.com\/fr\/replacement-pump-spare-parts\/\" rel=\"bookmark\" title=\"Pi\u00e8ces de rechange pour pompes hydrauliques\" class=\"post-title\">Pi\u00e8ces de rechange pour pompes hydrauliques<\/a><\/h5><p class=\"short-description\">Pi\u00e8ces de rechange hydrauliques, pompes hydrauliques \u00e0 palettes compl\u00e8tes, pompes hydrauliques \u00e0 piston 100% de remplacement pour la marque leader. Nous vendons des pi\u00e8ces OEM de qualit\u00e9 dans plus de 50 pays. Forts de plusieurs d\u00e9cennies d&#039;exp\u00e9rience\u2026<\/p>\t\t\t\t\t\t\t\t<\/div>\n\t\t\t\t\t\t\t<\/div>\n\t\t\t\t\t\t<\/article>\n\t\t\t\t\t<\/div>\t\t\t\t\t\t\t\t\t\t<div class=\"wf-cell visible\">\n\t\t\t\t\t\t<article class=\"post visible wrapper post-13173 type-post status-publish format-standard has-post-thumbnail hentry category-hydraulic-pump-and-motor\">\n\n\t\t\t\t\t\t\t<div class=\"post-content-wrapper\">\n\t\t\t\t\t\t\t\t\t\t\t\t\t\t\t\t\t<div class=\"the7-simple-post-thumb\">\n\t\t\t\t\t\t\t\t\t\t<a class=\"post-thumbnail-rollover layzr-bg img-css-resize-wrapper\" aria-label=\"Image article\" href=\"https:\/\/ihymon.com\/fr\/solenoid-directional-valve-of-rexroth-vickers-yuken-model-replacement\/\"><img decoding=\"async\" width=\"600\" height=\"600\" src=\"data:image\/svg+xml,%3Csvg%20xmlns%3D&#039;http%3A%2F%2Fwww.w3.org%2F2000%2Fsvg&#039;%20viewBox%3D&#039;0%200%20600%20600&#039;%2F%3E\" class=\"attachment-full size-full preload-me aspect lazy lazy-load\" alt=\"4WE Series Rexroth Hydraulic Proportional Solenoid ValveFor Deluge And Preaction Systems 1\" sizes=\"(max-width: 600px) 100vw, 600px\" style=\"--ratio: 600 \/ 600;\" data-src=\"https:\/\/ihymon.com\/wp-content\/uploads\/2025\/10\/4WE-Series-Rexroth-Hydraulic-Proportional-Solenoid-ValveFor-Deluge-And-Preaction-Systems-1.png\" loading=\"eager\" data-srcset=\"https:\/\/ihymon.com\/wp-content\/uploads\/2025\/10\/4WE-Series-Rexroth-Hydraulic-Proportional-Solenoid-ValveFor-Deluge-And-Preaction-Systems-1.png 600w, https:\/\/ihymon.com\/wp-content\/uploads\/2025\/10\/4WE-Series-Rexroth-Hydraulic-Proportional-Solenoid-ValveFor-Deluge-And-Preaction-Systems-1-300x300.png 300w, https:\/\/ihymon.com\/wp-content\/uploads\/2025\/10\/4WE-Series-Rexroth-Hydraulic-Proportional-Solenoid-ValveFor-Deluge-And-Preaction-Systems-1-150x150.png 150w\" \/><span class=\"the7-hover-icon\"><\/span><\/a>\t\t\t\t\t\t\t\t\t<\/div>\n\t\t\t\t\t\t\t\t\t\t\t\t\t\t\t\t<div class=\"post-entry-content\">\n\t\t\t\t\t\t\t\t\t<h5 class=\"heading\"><a href=\"https:\/\/ihymon.com\/fr\/solenoid-directional-valve-of-rexroth-vickers-yuken-model-replacement\/\" rel=\"bookmark\" title=\"\u00c9lectrovanne directionnelle de remplacement pour mod\u00e8le Rexroth Vickers Yuken\" class=\"post-title\">\u00c9lectrovanne directionnelle de remplacement pour mod\u00e8le Rexroth Vickers Yuken<\/a><\/h5><p class=\"short-description\">YUKEN REXROTH VICKERS DSG-01-3C2 4WE6E51 DG4V-3-2C DSG-01-3C3 4WE6H51 DG4V-3-OC DSG-01-3C3 4WE6J51 DG4V-3-6C DSG-01-3C40 4WE6Q51 DG4V-3-33C DSG-01-3C60 4WE6G51 DG4V-3-8C DSG-01-3C9 4WE6M51 DG4V-3-7C DSG-01-3C10 4WE6U51 DG4V-3-31C DSG-01-3C12 4WE6L51 DG4V-3-3C DSG-01-2B2 4WE6D51 DG4V-3-2A DSG-01-2B3\u2026<\/p>\t\t\t\t\t\t\t\t<\/div>\n\t\t\t\t\t\t\t<\/div>\n\t\t\t\t\t\t<\/article>\n\t\t\t\t\t<\/div>\t\t\t\t\t\t\t\t\t\t<div class=\"wf-cell visible\">\n\t\t\t\t\t\t<article class=\"post visible wrapper post-13169 type-post status-publish format-standard has-post-thumbnail hentry category-hydraulic-pump-and-motor\">\n\n\t\t\t\t\t\t\t<div class=\"post-content-wrapper\">\n\t\t\t\t\t\t\t\t\t\t\t\t\t\t\t\t\t<div class=\"the7-simple-post-thumb\">\n\t\t\t\t\t\t\t\t\t\t<a class=\"post-thumbnail-rollover layzr-bg img-css-resize-wrapper\" aria-label=\"Image article\" href=\"https:\/\/ihymon.com\/fr\/solenoid-directional-valve-replacement\/\"><img decoding=\"async\" width=\"600\" height=\"598\" src=\"data:image\/svg+xml,%3Csvg%20xmlns%3D&#039;http%3A%2F%2Fwww.w3.org%2F2000%2Fsvg&#039;%20viewBox%3D&#039;0%200%20600%20598&#039;%2F%3E\" class=\"attachment-full size-full preload-me aspect lazy lazy-load\" alt=\"4WE6 4WE10 Rexroth solenoid valve\" sizes=\"(max-width: 600px) 100vw, 600px\" style=\"--ratio: 600 \/ 598;\" data-src=\"https:\/\/ihymon.com\/wp-content\/uploads\/2025\/10\/4WE6-4WE10-Rexroth-solenoid-valve.jpg\" loading=\"eager\" data-srcset=\"https:\/\/ihymon.com\/wp-content\/uploads\/2025\/10\/4WE6-4WE10-Rexroth-solenoid-valve.jpg 600w, https:\/\/ihymon.com\/wp-content\/uploads\/2025\/10\/4WE6-4WE10-Rexroth-solenoid-valve-300x300.jpg 300w, https:\/\/ihymon.com\/wp-content\/uploads\/2025\/10\/4WE6-4WE10-Rexroth-solenoid-valve-150x150.jpg 150w\" \/><span class=\"the7-hover-icon\"><\/span><\/a>\t\t\t\t\t\t\t\t\t<\/div>\n\t\t\t\t\t\t\t\t\t\t\t\t\t\t\t\t<div class=\"post-entry-content\">\n\t\t\t\t\t\t\t\t\t<h5 class=\"heading\"><a href=\"https:\/\/ihymon.com\/fr\/solenoid-directional-valve-replacement\/\" rel=\"bookmark\" title=\"Remplacement de l&#039;\u00e9lectrovanne directionnelle\" class=\"post-title\">Remplacement de l&#039;\u00e9lectrovanne directionnelle<\/a><\/h5><p class=\"short-description\">YUKEN REXROTH VICKERS DSG-03-3C2 4WE10E21 DG4V-5-2C DSG-03-3C3 4WE10H21 DG4V-5-OC DSG-03-3C3 4WE106J21 DG4V-5-6C DSG-03-3C40 4WE10Q21 DG4V-5-33C DSG-03-3C60 4WE10G21 DG4V-5-8C DSG-03-3C9 4WE10M21 DG4V-5-7C DSG-03-3C12 4WE10L21 DG4V-5-3C DSG-03-2B2 4WE10D21 DG4V-5-2A DSG-03-2B3 4WE10C21 DG4V-5-OA DSG-03-2B8\u2026<\/p>\t\t\t\t\t\t\t\t<\/div>\n\t\t\t\t\t\t\t<\/div>\n\t\t\t\t\t\t<\/article>\n\t\t\t\t\t<\/div>\t\t\t\t\t\t\t\t<\/div>\n\t\t<div class=\"paginator filter-decorations filter-pointer-underline filter-animation-fade\" role=\"navigation\"><a href=\"https:\/\/ihymon.com\/fr\/wp-json\/wp\/v2\/pages\/11\/\" class=\"page-numbers filter-item act\" data-page-num=\"1\">1<\/a><a href=\"https:\/\/ihymon.com\/fr\/wp-json\/wp\/v2\/pages\/11\/page\/2\/\" class=\"page-numbers filter-item\" data-page-num=\"2\">2<\/a><a href=\"https:\/\/ihymon.com\/fr\/wp-json\/wp\/v2\/pages\/11\/page\/2\/\" class=\"page-numbers nav-next filter-item\" data-page-num=\"2\" >\u2192<\/a><\/div><\/div>\t\t\t\t<\/div>\n\t\t\t\t<\/div>\n\t\t\t\t<\/div>\n\t\t\t\t\t<\/div>\n\t\t\t\t<\/div>\n\t\t\t\t<\/div>","protected":false},"excerpt":{"rendered":"<p>Blog High-Performance A10VSO &#038; A4VSO Pumps for Industrial Equipment | Hymon Hydraulics In today\u2019s fast-paced industrial world, machinery performance depends heavily on reliable and efficient hydraulic systems. At Hymon Hydraulics, we specialize in supplying high-performance hydraulic pumps, including the renowned A10VSO and A4VSO&hellip; Hydraulic Pump Spare Parts Hydraulic spare parts, complete hydraulic vane pumps, hydraulic&hellip;<\/p>","protected":false},"author":1,"featured_media":0,"parent":0,"menu_order":18,"comment_status":"closed","ping_status":"closed","template":"elementor_header_footer","meta":{"footnotes":""},"class_list":["post-11","page","type-page","status-publish","hentry"],"yoast_head":"<!-- This site is optimized with the Yoast SEO plugin v27.2 - https:\/\/yoast.com\/product\/yoast-seo-wordpress\/ -->\n<title>News | HyMon Hydraulics<\/title>\n<meta name=\"description\" content=\"HyMon supplies premium hydraulic pumps, motors, axial piston pumps, radial piston motors. Your trusted supplier partner. Contact us!\" \/>\n<meta name=\"robots\" content=\"index, follow, max-snippet:-1, max-image-preview:large, max-video-preview:-1\" \/>\n<link rel=\"canonical\" href=\"https:\/\/ihymon.com\/fr\/blog\/\" \/>\n<meta property=\"og:locale\" content=\"fr_FR\" \/>\n<meta property=\"og:type\" content=\"article\" \/>\n<meta property=\"og:title\" content=\"News | HyMon Hydraulics\" \/>\n<meta property=\"og:description\" content=\"HyMon supplies premium hydraulic pumps, motors, axial piston pumps, radial piston motors. Your trusted supplier partner. Contact us!\" \/>\n<meta property=\"og:url\" content=\"https:\/\/ihymon.com\/fr\/blog\/\" \/>\n<meta property=\"og:site_name\" content=\"HyMon Hydraulics\" \/>\n<meta property=\"article:modified_time\" content=\"2025-10-15T10:21:28+00:00\" \/>\n<meta name=\"twitter:card\" content=\"summary_large_image\" \/>\n<meta name=\"twitter:label1\" content=\"Dur\u00e9e de lecture estim\u00e9e\" \/>\n\t<meta name=\"twitter:data1\" content=\"3 minutes\" \/>\n<script type=\"application\/ld+json\" class=\"yoast-schema-graph\">{\"@context\":\"https:\/\/schema.org\",\"@graph\":[{\"@type\":\"WebPage\",\"@id\":\"https:\/\/ihymon.com\/blog\/\",\"url\":\"https:\/\/ihymon.com\/blog\/\",\"name\":\"News | HyMon Hydraulics\",\"isPartOf\":{\"@id\":\"https:\/\/ihymon.com\/#website\"},\"datePublished\":\"2020-04-07T13:59:00+00:00\",\"dateModified\":\"2025-10-15T10:21:28+00:00\",\"description\":\"HyMon supplies premium hydraulic pumps, motors, axial piston pumps, radial piston motors. Your trusted supplier partner. Contact us!\",\"breadcrumb\":{\"@id\":\"https:\/\/ihymon.com\/blog\/#breadcrumb\"},\"inLanguage\":\"fr-FR\",\"potentialAction\":[{\"@type\":\"ReadAction\",\"target\":[\"https:\/\/ihymon.com\/blog\/\"]}]},{\"@type\":\"BreadcrumbList\",\"@id\":\"https:\/\/ihymon.com\/blog\/#breadcrumb\",\"itemListElement\":[{\"@type\":\"ListItem\",\"position\":1,\"name\":\"Home\",\"item\":\"https:\/\/ihymon.com\/\"},{\"@type\":\"ListItem\",\"position\":2,\"name\":\"News\"}]},{\"@type\":\"WebSite\",\"@id\":\"https:\/\/ihymon.com\/#website\",\"url\":\"https:\/\/ihymon.com\/\",\"name\":\"HyMon Hydraulics\",\"description\":\"\",\"publisher\":{\"@id\":\"https:\/\/ihymon.com\/#organization\"},\"potentialAction\":[{\"@type\":\"SearchAction\",\"target\":{\"@type\":\"EntryPoint\",\"urlTemplate\":\"https:\/\/ihymon.com\/?s={search_term_string}\"},\"query-input\":{\"@type\":\"PropertyValueSpecification\",\"valueRequired\":true,\"valueName\":\"search_term_string\"}}],\"inLanguage\":\"fr-FR\"},{\"@type\":\"Organization\",\"@id\":\"https:\/\/ihymon.com\/#organization\",\"name\":\"HyMon Hydraulics\",\"url\":\"https:\/\/ihymon.com\/\",\"logo\":{\"@type\":\"ImageObject\",\"inLanguage\":\"fr-FR\",\"@id\":\"https:\/\/ihymon.com\/#\/schema\/logo\/image\/\",\"url\":\"https:\/\/ihymon.com\/wp-content\/uploads\/2024\/10\/2.png\",\"contentUrl\":\"https:\/\/ihymon.com\/wp-content\/uploads\/2024\/10\/2.png\",\"width\":400,\"height\":80,\"caption\":\"HyMon Hydraulics\"},\"image\":{\"@id\":\"https:\/\/ihymon.com\/#\/schema\/logo\/image\/\"}}]}<\/script>\n<!-- \/ Yoast SEO plugin. -->","yoast_head_json":{"title":"News | HyMon Hydraulics","description":"HyMon supplies premium hydraulic pumps, motors, axial piston pumps, radial piston motors. Your trusted supplier partner. Contact us!","robots":{"index":"index","follow":"follow","max-snippet":"max-snippet:-1","max-image-preview":"max-image-preview:large","max-video-preview":"max-video-preview:-1"},"canonical":"https:\/\/ihymon.com\/fr\/blog\/","og_locale":"fr_FR","og_type":"article","og_title":"News | HyMon Hydraulics","og_description":"HyMon supplies premium hydraulic pumps, motors, axial piston pumps, radial piston motors. Your trusted supplier partner. Contact us!","og_url":"https:\/\/ihymon.com\/fr\/blog\/","og_site_name":"HyMon Hydraulics","article_modified_time":"2025-10-15T10:21:28+00:00","twitter_card":"summary_large_image","twitter_misc":{"Dur\u00e9e de lecture estim\u00e9e":"3 minutes"},"schema":{"@context":"https:\/\/schema.org","@graph":[{"@type":"WebPage","@id":"https:\/\/ihymon.com\/blog\/","url":"https:\/\/ihymon.com\/blog\/","name":"News | HyMon Hydraulics","isPartOf":{"@id":"https:\/\/ihymon.com\/#website"},"datePublished":"2020-04-07T13:59:00+00:00","dateModified":"2025-10-15T10:21:28+00:00","description":"HyMon supplies premium hydraulic pumps, motors, axial piston pumps, radial piston motors. Your trusted supplier partner. Contact us!","breadcrumb":{"@id":"https:\/\/ihymon.com\/blog\/#breadcrumb"},"inLanguage":"fr-FR","potentialAction":[{"@type":"ReadAction","target":["https:\/\/ihymon.com\/blog\/"]}]},{"@type":"BreadcrumbList","@id":"https:\/\/ihymon.com\/blog\/#breadcrumb","itemListElement":[{"@type":"ListItem","position":1,"name":"Home","item":"https:\/\/ihymon.com\/"},{"@type":"ListItem","position":2,"name":"News"}]},{"@type":"WebSite","@id":"https:\/\/ihymon.com\/#website","url":"https:\/\/ihymon.com\/","name":"HyMon Hydraulics","description":"","publisher":{"@id":"https:\/\/ihymon.com\/#organization"},"potentialAction":[{"@type":"SearchAction","target":{"@type":"EntryPoint","urlTemplate":"https:\/\/ihymon.com\/?s={search_term_string}"},"query-input":{"@type":"PropertyValueSpecification","valueRequired":true,"valueName":"search_term_string"}}],"inLanguage":"fr-FR"},{"@type":"Organization","@id":"https:\/\/ihymon.com\/#organization","name":"HyMon Hydraulics","url":"https:\/\/ihymon.com\/","logo":{"@type":"ImageObject","inLanguage":"fr-FR","@id":"https:\/\/ihymon.com\/#\/schema\/logo\/image\/","url":"https:\/\/ihymon.com\/wp-content\/uploads\/2024\/10\/2.png","contentUrl":"https:\/\/ihymon.com\/wp-content\/uploads\/2024\/10\/2.png","width":400,"height":80,"caption":"HyMon Hydraulics"},"image":{"@id":"https:\/\/ihymon.com\/#\/schema\/logo\/image\/"}}]}},"_links":{"self":[{"href":"https:\/\/ihymon.com\/fr\/wp-json\/wp\/v2\/pages\/11","targetHints":{"allow":["GET"]}}],"collection":[{"href":"https:\/\/ihymon.com\/fr\/wp-json\/wp\/v2\/pages"}],"about":[{"href":"https:\/\/ihymon.com\/fr\/wp-json\/wp\/v2\/types\/page"}],"author":[{"embeddable":true,"href":"https:\/\/ihymon.com\/fr\/wp-json\/wp\/v2\/users\/1"}],"replies":[{"embeddable":true,"href":"https:\/\/ihymon.com\/fr\/wp-json\/wp\/v2\/comments?post=11"}],"version-history":[{"count":19,"href":"https:\/\/ihymon.com\/fr\/wp-json\/wp\/v2\/pages\/11\/revisions"}],"predecessor-version":[{"id":13390,"href":"https:\/\/ihymon.com\/fr\/wp-json\/wp\/v2\/pages\/11\/revisions\/13390"}],"wp:attachment":[{"href":"https:\/\/ihymon.com\/fr\/wp-json\/wp\/v2\/media?parent=11"}],"curies":[{"name":"wp","href":"https:\/\/api.w.org\/{rel}","templated":true}]}}